{"id":5434,"date":"2017-10-03T12:52:20","date_gmt":"2017-10-03T12:52:20","guid":{"rendered":"https:\/\/agrarias.ufpr.br\/decif\/?page_id=5434"},"modified":"2024-12-03T21:40:21","modified_gmt":"2024-12-03T21:40:21","slug":"tecnicos-de-laboratorio","status":"publish","type":"page","link":"https:\/\/agrarias.ufpr.br\/decif\/tecnicos-de-laboratorio\/","title":{"rendered":"T\u00e9cnicos"},"content":{"rendered":"<table style=\"width: 100%;height: 322px\" width=\"957\">\n<tbody>\n<tr style=\"height: 23px\">\n<td style=\"height: 23px;text-align: center;width: 37.7381%\" width=\"294\"><strong>SERVIDORES<\/strong><\/td>\n<td style=\"height: 23px;text-align: center;width: 34.762%\" width=\"257\"><strong>CARGO<\/strong><\/td>\n<td style=\"height: 23px;text-align: center;width: 26.1904%\" width=\"406\"><strong>E-MAIL<\/strong><\/td>\n<\/tr>\n<tr style=\"height: 46px\">\n<td style=\"height: 46px;width: 37.7381%\" width=\"294\">Andr\u00e9ia Ticiane Pires de Carvalho<\/td>\n<td style=\"height: 46px;width: 34.762%\" width=\"257\">T\u00e9cnico de Laborat\u00f3rio\/\u00c1rea<\/td>\n<td style=\"height: 46px;width: 26.1904%\" width=\"406\"><a href=\"mailto:andreia@ufpr.br\">andreia@ufpr.br<\/a><\/td>\n<\/tr>\n<tr style=\"height: 46px\">\n<td style=\"height: 46px;width: 37.7381%\" width=\"294\">Angela Cristina Ikeda<\/td>\n<td style=\"height: 46px;width: 34.762%\" width=\"257\">T\u00e9cnico de Laborat\u00f3rio\/\u00c1rea<\/td>\n<td style=\"height: 46px;width: 26.1904%\" width=\"406\"><a href=\"mailto:aikeda@ufpr.br\">aikeda@ufpr.br<\/a><\/td>\n<\/tr>\n<tr style=\"height: 46px\">\n<td style=\"height: 46px;width: 37.7381%\" width=\"294\">Gilnei Machado Rosa<\/td>\n<td style=\"height: 46px;width: 34.762%\" width=\"257\">T\u00e9cnico de Laborat\u00f3rio\/\u00c1rea<\/td>\n<td style=\"height: 46px;width: 26.1904%\" width=\"406\"><a href=\"mailto:gmrosa@ufpr.br\">gmrosa@ufpr.br<\/a><\/td>\n<\/tr>\n<tr style=\"height: 46px\">\n<td style=\"height: 46px;width: 37.7381%\" width=\"294\">Gilson Machado Rosa<\/td>\n<td style=\"height: 46px;width: 34.762%\" width=\"257\">T\u00e9cnico de Laborat\u00f3rio\/\u00c1rea<\/td>\n<td style=\"height: 46px;width: 26.1904%\" width=\"406\"><a href=\"mailto:gimaro@ufpr.br\">gimaro@ufpr.br<\/a><\/td>\n<\/tr>\n<tr>\n<td style=\"width: 37.7381%\">Jislaine Figueira Coradel Coltro<\/td>\n<td style=\"width: 34.762%\">Assistente em Administra\u00e7\u00e3o<\/td>\n<td style=\"width: 26.1904%\"><a href=\"mailto:jislaine@ufpr.br\">jislaine@ufpr.br<\/a><\/td>\n<\/tr>\n<tr>\n<td style=\"width: 37.7381%\">Jos\u00e9 Dirceu Mendes<\/td>\n<td style=\"width: 34.762%\">T\u00e9cnico em Agropecu\u00e1ria<\/td>\n<td style=\"width: 26.1904%\"><a href=\"mailto:dirceumendes@ufpr.br\">dirceumendes@ufpr.br<\/a><\/td>\n<\/tr>\n<tr>\n<td style=\"width: 37.7381%\">Juliana Ribeiro<\/td>\n<td style=\"width: 34.762%\">Assistente em Administra\u00e7\u00e3o<\/td>\n<td style=\"width: 26.1904%\"><a href=\"mailto:jribeiro@ufpr.br\">jribeiro@ufpr.br<\/a><\/td>\n<\/tr>\n<tr style=\"height: 46px\">\n<td style=\"height: 46px;width: 37.7381%\" width=\"294\">Maria Em\u00edlia Martins Ferreira<\/td>\n<td style=\"height: 46px;width: 34.762%\" width=\"257\">Assistente em Administra\u00e7\u00e3o<\/td>\n<td style=\"height: 46px;width: 26.1904%\" width=\"406\"><a href=\"mailto:mariaemilia@ufpr.br\">mariaemilia@ufpr.br<\/a><\/td>\n<\/tr>\n<tr style=\"height: 23px\">\n<td style=\"height: 23px;width: 37.7381%\" width=\"294\">Simone Pereira<\/td>\n<td style=\"height: 23px;width: 34.762%\" width=\"257\">T\u00e9cnico de Laborat\u00f3rio\/\u00c1rea<\/td>\n<td style=\"height: 23px;width: 26.1904%\" width=\"406\"><a href=\"mailto:spereira@ufpr.br\">spereira@ufpr.br<\/a><\/td>\n<\/tr>\n<\/tbody>\n<\/table>\n\n\n<p><\/p>\n","protected":false},"excerpt":{"rendered":"<p>SERVIDORES CARGO E-MAIL Andr\u00e9ia Ticiane Pires de Carvalho T\u00e9cnico de Laborat\u00f3rio\/\u00c1rea andreia@ufpr.br Angela Cristina Ikeda T\u00e9cnico de Laborat\u00f3rio\/\u00c1rea aikeda@ufpr.br Gilnei Machado Rosa T\u00e9cnico de Laborat\u00f3rio\/\u00c1rea gmrosa@ufpr.br Gilson Machado Rosa T\u00e9cnico de Laborat\u00f3rio\/\u00c1rea gimaro@ufpr.br Jislaine Figueira Coradel Coltro Assistente em Administra\u00e7\u00e3o jislaine@ufpr.br Jos\u00e9 Dirceu Mendes T\u00e9cnico em Agropecu\u00e1ria dirceumendes@ufpr.br Juliana Ribeiro Assistente em Administra\u00e7\u00e3o jribeiro@ufpr.br Maria [&hellip;]<\/p>\n","protected":false},"author":3,"featured_media":0,"parent":0,"menu_order":0,"comment_status":"closed","ping_status":"closed","template":"","meta":{"footnotes":""},"class_list":["post-5434","page","type-page","status-publish","hentry"],"_links":{"self":[{"href":"https:\/\/agrarias.ufpr.br\/decif\/wp-json\/wp\/v2\/pages\/5434","targetHints":{"allow":["GET"]}}],"collection":[{"href":"https:\/\/agrarias.ufpr.br\/decif\/wp-json\/wp\/v2\/pages"}],"about":[{"href":"https:\/\/agrarias.ufpr.br\/decif\/wp-json\/wp\/v2\/types\/page"}],"author":[{"embeddable":true,"href":"https:\/\/agrarias.ufpr.br\/decif\/wp-json\/wp\/v2\/users\/3"}],"replies":[{"embeddable":true,"href":"https:\/\/agrarias.ufpr.br\/decif\/wp-json\/wp\/v2\/comments?post=5434"}],"version-history":[{"count":8,"href":"https:\/\/agrarias.ufpr.br\/decif\/wp-json\/wp\/v2\/pages\/5434\/revisions"}],"predecessor-version":[{"id":5698,"href":"https:\/\/agrarias.ufpr.br\/decif\/wp-json\/wp\/v2\/pages\/5434\/revisions\/5698"}],"wp:attachment":[{"href":"https:\/\/agrarias.ufpr.br\/decif\/wp-json\/wp\/v2\/media?parent=5434"}],"curies":[{"name":"wp","href":"https:\/\/api.w.org\/{rel}","templated":true}]}}