{"id":37,"date":"2017-09-13T17:30:14","date_gmt":"2017-09-13T17:30:14","guid":{"rendered":"https:\/\/agrarias.ufpr.br\/decif\/?page_id=37"},"modified":"2017-10-06T13:21:59","modified_gmt":"2017-10-06T13:21:59","slug":"areas-de-abrangencia","status":"publish","type":"page","link":"https:\/\/agrarias.ufpr.br\/decif\/areas-de-abrangencia\/","title":{"rendered":"\u00c1reas de Abrang\u00eancia"},"content":{"rendered":"<p>O Departamento atua em tr\u00eas \u00e1reas da Ci\u00eancia Florestal: <strong>Silvicultura<\/strong>, <strong>Manejo Florestal<\/strong> e <strong>Conserva\u00e7\u00e3o da Natureza<\/strong>.<\/p>\n<p>A Silvicultura trata da forma\u00e7\u00e3o e regenera\u00e7\u00e3o de povoamentos e florestas, o Manejo da condu\u00e7\u00e3o dos recursos florestais de forma planejada e sustent\u00e1vel, enquanto a Conserva\u00e7\u00e3o da Natureza envolve conceitos e t\u00e9cnicas para prote\u00e7\u00e3o ambiental e uso racional dos recursos do ecossistema florestal. Todas essas \u00e1reas s\u00e3o fundamentais para a qualidade de vida, pois as florestas fornecem produtos, benef\u00edcios e servi\u00e7os indispens\u00e1veis ao ser humano.<\/p>\n","protected":false},"excerpt":{"rendered":"<p>O Departamento atua em tr\u00eas \u00e1reas da Ci\u00eancia Florestal: Silvicultura, Manejo Florestal e Conserva\u00e7\u00e3o da Natureza. A Silvicultura trata da forma\u00e7\u00e3o e regenera\u00e7\u00e3o de povoamentos e florestas, o Manejo da condu\u00e7\u00e3o dos recursos florestais de forma planejada e sustent\u00e1vel, enquanto a Conserva\u00e7\u00e3o da Natureza envolve conceitos e t\u00e9cnicas para prote\u00e7\u00e3o ambiental e uso racional dos [&hellip;]<\/p>\n","protected":false},"author":3,"featured_media":0,"parent":0,"menu_order":0,"comment_status":"closed","ping_status":"closed","template":"","meta":{"footnotes":""},"class_list":["post-37","page","type-page","status-publish","hentry"],"_links":{"self":[{"href":"https:\/\/agrarias.ufpr.br\/decif\/wp-json\/wp\/v2\/pages\/37","targetHints":{"allow":["GET"]}}],"collection":[{"href":"https:\/\/agrarias.ufpr.br\/decif\/wp-json\/wp\/v2\/pages"}],"about":[{"href":"https:\/\/agrarias.ufpr.br\/decif\/wp-json\/wp\/v2\/types\/page"}],"author":[{"embeddable":true,"href":"https:\/\/agrarias.ufpr.br\/decif\/wp-json\/wp\/v2\/users\/3"}],"replies":[{"embeddable":true,"href":"https:\/\/agrarias.ufpr.br\/decif\/wp-json\/wp\/v2\/comments?post=37"}],"version-history":[{"count":2,"href":"https:\/\/agrarias.ufpr.br\/decif\/wp-json\/wp\/v2\/pages\/37\/revisions"}],"predecessor-version":[{"id":5456,"href":"https:\/\/agrarias.ufpr.br\/decif\/wp-json\/wp\/v2\/pages\/37\/revisions\/5456"}],"wp:attachment":[{"href":"https:\/\/agrarias.ufpr.br\/decif\/wp-json\/wp\/v2\/media?parent=37"}],"curies":[{"name":"wp","href":"https:\/\/api.w.org\/{rel}","templated":true}]}}