{"id":1102,"date":"2014-12-15T18:33:23","date_gmt":"2014-12-15T18:33:23","guid":{"rendered":"http:\/\/localhost\/?page_id=1102"},"modified":"2021-02-17T18:17:03","modified_gmt":"2021-02-17T18:17:03","slug":"revistas-tecnicocientificas","status":"publish","type":"page","link":"https:\/\/agrarias.ufpr.br\/decif\/revistas-tecnicocientificas\/","title":{"rendered":"Revistas T\u00e9cnico\/Cient\u00edficas"},"content":{"rendered":"<p><strong>REVISTA FLORESTA<\/strong><br \/>\nPrograma de P\u00f3s-Gradua\u00e7\u00e3o em Engenharia Florestal<br \/>\nISSN 0015-3826 (impressa) 0015-3826 (eletr\u00f4nica)<br \/>\nProf. Dr. Ant\u00f4nio batista<br \/>\nTelefone: (41) 3360-4219<br \/>\nE-mail: <a href=\"mailto:revista_floresta@ufr.br\">revista_floresta@ufpr.br<\/a><br \/>\n<strong><a href=\"https:\/\/revistas.ufpr.br\/floresta\">https:\/\/revistas.ufpr.br\/floresta<\/a>&nbsp;<\/strong><\/p>\n<p><strong>REVISTA BIOFIX<span style=\"color: #ff0000\"><br \/>\n<\/span><\/strong><span style=\"color: #000000\"><em>e-ISSN<\/em>: 2525-9725<\/span><br \/>\n<span style=\"color: #000000\">Prof. Dr. Carlos Roberto Sanquetta<\/span><br \/>\n<span style=\"color: #000000\">Telefone: (41) 3360-4264<\/span><strong><span style=\"color: #ff0000\"><br \/>\n<\/span><\/strong>E-mail:&nbsp;<span style=\"color: #ff0000\"><span style=\"color: #000000\"><em><a href=\"mailto:revistabiofix@gmail.com\">revistabiofix@gmail.com<\/a><\/em><\/span><\/span><strong><span style=\"color: #ff0000\"><br \/>\n<a href=\"http:\/\/ojs.c3sl.ufpr.br\/ojs2\/index.php\/floresta\">https:\/\/revistas.ufpr.br\/biofix<\/a><\/span><\/strong><\/p>\n<p>&nbsp;<\/p>\n","protected":false},"excerpt":{"rendered":"<p>REVISTA FLORESTA Programa de P\u00f3s-Gradua\u00e7\u00e3o em Engenharia Florestal ISSN 0015-3826 (impressa) 0015-3826 (eletr\u00f4nica) Prof. Dr. Ant\u00f4nio batista Telefone: (41) 3360-4219 E-mail: revista_floresta@ufpr.br https:\/\/revistas.ufpr.br\/floresta&nbsp; REVISTA BIOFIX e-ISSN: 2525-9725 Prof. Dr. Carlos Roberto Sanquetta Telefone: (41) 3360-4264 E-mail:&nbsp;revistabiofix@gmail.com https:\/\/revistas.ufpr.br\/biofix &nbsp;<\/p>\n","protected":false},"author":3,"featured_media":0,"parent":0,"menu_order":0,"comment_status":"open","ping_status":"open","template":"","meta":{"footnotes":""},"class_list":["post-1102","page","type-page","status-publish","hentry"],"_links":{"self":[{"href":"https:\/\/agrarias.ufpr.br\/decif\/wp-json\/wp\/v2\/pages\/1102","targetHints":{"allow":["GET"]}}],"collection":[{"href":"https:\/\/agrarias.ufpr.br\/decif\/wp-json\/wp\/v2\/pages"}],"about":[{"href":"https:\/\/agrarias.ufpr.br\/decif\/wp-json\/wp\/v2\/types\/page"}],"author":[{"embeddable":true,"href":"https:\/\/agrarias.ufpr.br\/decif\/wp-json\/wp\/v2\/users\/3"}],"replies":[{"embeddable":true,"href":"https:\/\/agrarias.ufpr.br\/decif\/wp-json\/wp\/v2\/comments?post=1102"}],"version-history":[{"count":2,"href":"https:\/\/agrarias.ufpr.br\/decif\/wp-json\/wp\/v2\/pages\/1102\/revisions"}],"predecessor-version":[{"id":5524,"href":"https:\/\/agrarias.ufpr.br\/decif\/wp-json\/wp\/v2\/pages\/1102\/revisions\/5524"}],"wp:attachment":[{"href":"https:\/\/agrarias.ufpr.br\/decif\/wp-json\/wp\/v2\/media?parent=1102"}],"curies":[{"name":"wp","href":"https:\/\/api.w.org\/{rel}","templated":true}]}}