{"id":1089,"date":"2014-12-15T18:30:58","date_gmt":"2014-12-15T18:30:58","guid":{"rendered":"http:\/\/localhost\/?page_id=1089"},"modified":"2021-02-17T18:35:19","modified_gmt":"2021-02-17T18:35:19","slug":"especializacao","status":"publish","type":"page","link":"https:\/\/agrarias.ufpr.br\/decif\/especializacao\/","title":{"rendered":"Cursos de Especializa\u00e7\u00e3o"},"content":{"rendered":"<p style=\"text-align: center\"><strong>PROJETOS SUSTENT\u00c1VEIS E INOVA\u00c7\u00d5ES AMBIENTAIS (EAD)<\/strong><br \/>\nCoordenador: Prof. Dr.&nbsp;Carlos Roberto Sanquetta<br \/>\nTelefone: (41) 3360-4264<br \/>\n<a href=\"mailto:tutorprojetos2020@ufpr.br\">tutorprojetos2020@ufpr.br<\/a>, <a href=\"mailto:carlossanquetta@gmail.com\">carlossanquetta@gmail.com<\/a>&nbsp;<br \/>\n<a href=\"http:\/\/www.projetossustentaveis.ufpr.br\">https:\/\/ufpr.pecca.com.br\/projetos-sustentaveis\/<\/a><\/p>\n<p>&nbsp;<\/p>\n<p style=\"text-align: center\"><strong>MBA EM MANEJO FLORESTAL DE PRECIS\u00c3O (EAD)<\/strong><br \/>\nCoordenador: Prof.&nbsp;Dr. Ana Paula Dalla C\u00f4rte<br \/>\nTelefone: (41) 3360-4264<br \/>\n<a href=\"mailto:manejooflorestal@pecca.com.br\">tutormanejo2020@ufpr.br<\/a>, <a href=\"mailto:anapaulacorte@gmail.com\">anapaulacorte@gmail.com&nbsp;<\/a><\/p>\n<p style=\"text-align: center\"><a href=\"http:\/\/www.manejoflorestal.ufpr.br\">http:\/\/ufpr.pecca.com.br\/mba-manejo-florestal-de-precisao\/<\/a><\/p>\n<p style=\"text-align: center\">&nbsp;<\/p>\n<p style=\"text-align: center\"><strong>ESPECIALIZA\u00c7\u00c3O&nbsp;EM PREVEN\u00c7\u00c3O E COMBATE A&nbsp;INC\u00caNDIOS FLORESTAIS<\/strong><\/p>\n<p style=\"text-align: center\">Coordenador: Prof. Dr. Alexandre Fran\u00e7a Tetto<\/p>\n<p style=\"text-align: center\">Telefone: (41) 3360-4235<\/p>\n<p style=\"text-align: center\"><a href=\"mailto:tetto@ufpr.br\">tetto@ufpr.br <\/a><\/p>\n<p style=\"text-align: center\"><a href=\"http:\/\/www.incendios.ufpr.br\/?page_id=682\">http:\/\/www.incendios.ufpr.br\/?page_id=682<\/a><\/p>\n","protected":false},"excerpt":{"rendered":"<p>PROJETOS SUSTENT\u00c1VEIS E INOVA\u00c7\u00d5ES AMBIENTAIS (EAD) Coordenador: Prof. Dr.&nbsp;Carlos Roberto Sanquetta Telefone: (41) 3360-4264 tutorprojetos2020@ufpr.br, carlossanquetta@gmail.com&nbsp; https:\/\/ufpr.pecca.com.br\/projetos-sustentaveis\/ &nbsp; MBA EM MANEJO FLORESTAL DE PRECIS\u00c3O (EAD) Coordenador: Prof.&nbsp;Dr. Ana Paula Dalla C\u00f4rte Telefone: (41) 3360-4264 tutormanejo2020@ufpr.br, anapaulacorte@gmail.com&nbsp; http:\/\/ufpr.pecca.com.br\/mba-manejo-florestal-de-precisao\/ &nbsp; ESPECIALIZA\u00c7\u00c3O&nbsp;EM PREVEN\u00c7\u00c3O E COMBATE A&nbsp;INC\u00caNDIOS FLORESTAIS Coordenador: Prof. Dr. Alexandre Fran\u00e7a Tetto Telefone: (41) 3360-4235 tetto@ufpr.br http:\/\/www.incendios.ufpr.br\/?page_id=682<\/p>\n","protected":false},"author":3,"featured_media":0,"parent":0,"menu_order":0,"comment_status":"open","ping_status":"open","template":"","meta":{"footnotes":""},"class_list":["post-1089","page","type-page","status-publish","hentry"],"_links":{"self":[{"href":"https:\/\/agrarias.ufpr.br\/decif\/wp-json\/wp\/v2\/pages\/1089","targetHints":{"allow":["GET"]}}],"collection":[{"href":"https:\/\/agrarias.ufpr.br\/decif\/wp-json\/wp\/v2\/pages"}],"about":[{"href":"https:\/\/agrarias.ufpr.br\/decif\/wp-json\/wp\/v2\/types\/page"}],"author":[{"embeddable":true,"href":"https:\/\/agrarias.ufpr.br\/decif\/wp-json\/wp\/v2\/users\/3"}],"replies":[{"embeddable":true,"href":"https:\/\/agrarias.ufpr.br\/decif\/wp-json\/wp\/v2\/comments?post=1089"}],"version-history":[{"count":1,"href":"https:\/\/agrarias.ufpr.br\/decif\/wp-json\/wp\/v2\/pages\/1089\/revisions"}],"predecessor-version":[{"id":5526,"href":"https:\/\/agrarias.ufpr.br\/decif\/wp-json\/wp\/v2\/pages\/1089\/revisions\/5526"}],"wp:attachment":[{"href":"https:\/\/agrarias.ufpr.br\/decif\/wp-json\/wp\/v2\/media?parent=1089"}],"curies":[{"name":"wp","href":"https:\/\/api.w.org\/{rel}","templated":true}]}}