{"id":408,"date":"2026-03-16T13:51:10","date_gmt":"2026-03-16T16:51:10","guid":{"rendered":"https:\/\/agrarias.ufpr.br\/ceex\/?page_id=408"},"modified":"2026-03-16T13:51:10","modified_gmt":"2026-03-16T16:51:10","slug":"formulario-de-solicitacao-de-visita-tecnica","status":"publish","type":"page","link":"https:\/\/agrarias.ufpr.br\/ceex\/formulario-de-solicitacao-de-visita-tecnica\/","title":{"rendered":"Formul\u00e1rio de solicita\u00e7\u00e3o de visita t\u00e9cnica"},"content":{"rendered":"","protected":false},"excerpt":{"rendered":"","protected":false},"author":3,"featured_media":0,"parent":0,"menu_order":0,"comment_status":"closed","ping_status":"closed","template":"","meta":{"footnotes":""},"class_list":["post-408","page","type-page","status-publish","hentry"],"_links":{"self":[{"href":"https:\/\/agrarias.ufpr.br\/ceex\/wp-json\/wp\/v2\/pages\/408","targetHints":{"allow":["GET"]}}],"collection":[{"href":"https:\/\/agrarias.ufpr.br\/ceex\/wp-json\/wp\/v2\/pages"}],"about":[{"href":"https:\/\/agrarias.ufpr.br\/ceex\/wp-json\/wp\/v2\/types\/page"}],"author":[{"embeddable":true,"href":"https:\/\/agrarias.ufpr.br\/ceex\/wp-json\/wp\/v2\/users\/3"}],"replies":[{"embeddable":true,"href":"https:\/\/agrarias.ufpr.br\/ceex\/wp-json\/wp\/v2\/comments?post=408"}],"version-history":[{"count":1,"href":"https:\/\/agrarias.ufpr.br\/ceex\/wp-json\/wp\/v2\/pages\/408\/revisions"}],"predecessor-version":[{"id":409,"href":"https:\/\/agrarias.ufpr.br\/ceex\/wp-json\/wp\/v2\/pages\/408\/revisions\/409"}],"wp:attachment":[{"href":"https:\/\/agrarias.ufpr.br\/ceex\/wp-json\/wp\/v2\/media?parent=408"}],"curies":[{"name":"wp","href":"https:\/\/api.w.org\/{rel}","templated":true}]}}