{"id":375,"date":"2026-03-16T13:41:34","date_gmt":"2026-03-16T16:41:34","guid":{"rendered":"https:\/\/agrarias.ufpr.br\/ceex\/?page_id=375"},"modified":"2026-03-25T10:58:11","modified_gmt":"2026-03-25T13:58:11","slug":"composicao-do-comite","status":"publish","type":"page","link":"https:\/\/agrarias.ufpr.br\/ceex\/composicao-do-comite\/","title":{"rendered":"Composi\u00e7\u00e3o do Comit\u00ea"},"content":{"rendered":"\n<div style=\"height:30px\" aria-hidden=\"true\" class=\"wp-block-spacer\"><\/div>\n\n\n\n<p><strong>1 &#8211; Composi\u00e7\u00e3o do Comit\u00ea:<\/strong><\/p>\n\n\n\n<div style=\"height:30px\" aria-hidden=\"true\" class=\"wp-block-spacer\"><\/div>\n\n\n\n<p><strong><em>Titulares:<\/em><\/strong><\/p>\n\n\n\n<p>Prof. Volnei Pauletti &#8211; Diretor do Setor de Ci\u00eancias Agr\u00e1rias<\/p>\n\n\n\n<p>Prof\u00aa. Alda L\u00facia Gomes Monteiro &#8211; Coordenadora do Centro de Esta\u00e7\u00f5es Experimentais (CEEx)<\/p>\n\n\n\n<p>Prof. Rafael Henrique Prado Silva &#8211; Representante da \u00e1rea de Ci\u00eancia Animal<\/p>\n\n\n\n<p>Prof. \u00c1lvaro Lu\u00eds Pasquetti Berghetti &#8211; Representante da \u00e1rea de Ci\u00eancias Florestais<\/p>\n\n\n\n<p>Prof. Arthur Arrobas Martins Barroso &#8211; Representante da \u00e1rea de Agricultura<\/p>\n\n\n\n<p><strong><em>Suplentes:<\/em><\/strong><\/p>\n\n\n\n<p>Prof\u00aa. Juliana Brum &#8211; Representante da \u00e1rea de Ci\u00eancia Animal<\/p>\n\n\n\n<p>Prof. Alessandro Camargo Angelo &#8211; Representante da \u00e1rea de Ci\u00eancias Florestais<\/p>\n\n\n\n<p>Prof. Andr\u00e9 Carlos Auler &#8211; Representante da \u00e1rea de Agricultura<\/p>\n\n\n\n<div style=\"height:30px\" aria-hidden=\"true\" class=\"wp-block-spacer\"><\/div>\n\n\n\n<p><strong>2 &#8211; Atas e Delibera\u00e7\u00f5es:<\/strong><\/p>\n\n\n\n<div style=\"height:30px\" aria-hidden=\"true\" class=\"wp-block-spacer\"><\/div>\n\n\n\n<p class=\".justificado\"><a href=\"https:\/\/agrarias.ufpr.br\/ceex\/wp-content\/uploads\/sites\/60\/2026\/03\/01-SEI_7849830_Ata_de_Reuniao.pdf\">Ata da Primeira Reuni\u00e3o Ordin\u00e1ria do Comit\u00ea Gestor do Centro de Esta\u00e7\u00f5es Experimentais \u2013 Fazenda Canguiri<\/a><\/p>\n\n\n\n<p class=\".justificado\"><a href=\"https:\/\/agrarias.ufpr.br\/ceex\/wp-content\/uploads\/sites\/60\/2026\/03\/02-SEI_7850586_Ata_de_Reuniao.pdf\">Ata da Segunda Reuni\u00e3o Ordin\u00e1ria do Comit\u00ea Gestor do Centro de Esta\u00e7\u00f5es Experimentais \u2013 Fazenda Canguiri<\/a><\/p>\n\n\n\n<p class=\".justificado\"><a href=\"https:\/\/agrarias.ufpr.br\/ceex\/wp-content\/uploads\/sites\/60\/2026\/03\/03-SEI_7924394_Ata_de_Reuniao.pdf\">Ata da Terceira  Reuni\u00e3o Ordin\u00e1ria do Comit\u00ea Gestor do Centro de Esta\u00e7\u00f5es Experimentais \u2013 Fazenda Canguiri<\/a><\/p>\n\n\n\n<p class=\".justificado\"><a href=\"https:\/\/agrarias.ufpr.br\/ceex\/wp-content\/uploads\/sites\/60\/2026\/03\/04-SEI_8001212_Ata_de_Reuniao.pdf\">Ata da Quarta Reuni\u00e3o Ordin\u00e1ria do Comit\u00ea Gestor do Centro de Esta\u00e7\u00f5es Experimentais \u2013 Fazenda Canguiri<\/a><\/p>\n\n\n\n<p class=\".justificado\"><a href=\"https:\/\/agrarias.ufpr.br\/ceex\/wp-content\/uploads\/sites\/60\/2026\/03\/05-SEI_8156661_Ata_de_Reuniao.pdf\">Ata da Quinta  Reuni\u00e3o Ordin\u00e1ria do Comit\u00ea Gestor do Centro de Esta\u00e7\u00f5es Experimentais \u2013 Fazenda Canguiri<\/a><\/p>\n\n\n\n<p class=\".justificado\"><a href=\"https:\/\/agrarias.ufpr.br\/ceex\/wp-content\/uploads\/sites\/60\/2026\/03\/06-SEI_8198066_Ata_de_Reuniao.pdf\">Ata da Sexta Reuni\u00e3o Ordin\u00e1ria do Comit\u00ea Gestor do Centro de Esta\u00e7\u00f5es Experimentais \u2013 Fazenda Canguiri<\/a><\/p>\n\n\n\n<p class=\".justificado\"><a href=\"https:\/\/agrarias.ufpr.br\/ceex\/wp-content\/uploads\/sites\/60\/2026\/03\/07-SEI_8277451_Ata_de_Reuniao.pdf\">Ata da S\u00e9tima Reuni\u00e3o Ordin\u00e1ria do Comit\u00ea Gestor do Centro de Esta\u00e7\u00f5es Experimentais \u2013 Fazenda Canguiri<\/a><\/p>\n\n\n\n<p class=\".justificado\"><a href=\"https:\/\/agrarias.ufpr.br\/ceex\/wp-content\/uploads\/sites\/60\/2026\/03\/08-SEI_8394279_Ata_de_Reuniao.pdf\">Ata da Oitava Reuni\u00e3o Ordin\u00e1ria do Comit\u00ea Gestor do Centro de Esta\u00e7\u00f5es Experimentais \u2013 Fazenda Canguiri<\/a><\/p>\n\n\n\n<p class=\".justificado\"><a href=\"https:\/\/agrarias.ufpr.br\/ceex\/wp-content\/uploads\/sites\/60\/2026\/03\/09-SEI_8477733_Ata_de_Reuniao.pdf\">Ata da Nona Reuni\u00e3o Ordin\u00e1ria do Comit\u00ea Gestor do Centro de Esta\u00e7\u00f5es Experimentais \u2013 Fazenda Canguiri<\/a><\/p>\n\n\n\n<div style=\"height:30px\" aria-hidden=\"true\" class=\"wp-block-spacer\"><\/div>\n\n\n\n<p><strong>3 &#8211; Portaria:<\/strong><\/p>\n\n\n\n<div style=\"height:30px\" aria-hidden=\"true\" class=\"wp-block-spacer\"><\/div>\n\n\n\n<p><a href=\"https:\/\/agrarias.ufpr.br\/ceex\/wp-content\/uploads\/sites\/60\/2026\/03\/Portaria_14_2025_AG.pdf\">PORTARIA N\u00ba 14\/2025-AG, DE 31 DE MAR\u00c7O DE 2025 &#8211;  Composi\u00e7\u00e3o do Comit\u00ea Gestor do Centro de Esta\u00e7\u00f5es Experimentais (CEEx) para o per\u00edodo de 2\/4\/2025 a 1\u00ba\/4\/2027<\/a><\/p>\n\n\n\n<div style=\"height:30px\" aria-hidden=\"true\" class=\"wp-block-spacer\"><\/div>\n\n\n\n<p><strong><u>4 &#8211; Calend\u00e1rio de Reuni\u00f5es<\/u><\/strong><\/p>\n\n\n\n<div style=\"height:30px\" aria-hidden=\"true\" class=\"wp-block-spacer\"><\/div>\n\n\n\n<p>30 de mar\u00e7o<\/p>\n\n\n\n<p>27 de abril<\/p>\n\n\n\n<p>25 de maio&nbsp;<\/p>\n\n\n\n<p>29 de junho<\/p>\n\n\n\n<div style=\"height:30px\" aria-hidden=\"true\" class=\"wp-block-spacer\"><\/div>\n","protected":false},"excerpt":{"rendered":"<p>1 &#8211; Composi\u00e7\u00e3o do Comit\u00ea: Titulares: Prof. Volnei Pauletti &#8211; Diretor do Setor de Ci\u00eancias Agr\u00e1rias Prof\u00aa. Alda L\u00facia Gomes Monteiro &#8211; Coordenadora do Centro de Esta\u00e7\u00f5es Experimentais (CEEx) Prof. Rafael Henrique Prado Silva &#8211; Representante da \u00e1rea de Ci\u00eancia Animal Prof. \u00c1lvaro Lu\u00eds Pasquetti Berghetti &#8211; Representante da \u00e1rea de Ci\u00eancias Florestais Prof. Arthur [&hellip;]<\/p>\n","protected":false},"author":3,"featured_media":0,"parent":0,"menu_order":0,"comment_status":"closed","ping_status":"closed","template":"","meta":{"footnotes":""},"class_list":["post-375","page","type-page","status-publish","hentry"],"_links":{"self":[{"href":"https:\/\/agrarias.ufpr.br\/ceex\/wp-json\/wp\/v2\/pages\/375","targetHints":{"allow":["GET"]}}],"collection":[{"href":"https:\/\/agrarias.ufpr.br\/ceex\/wp-json\/wp\/v2\/pages"}],"about":[{"href":"https:\/\/agrarias.ufpr.br\/ceex\/wp-json\/wp\/v2\/types\/page"}],"author":[{"embeddable":true,"href":"https:\/\/agrarias.ufpr.br\/ceex\/wp-json\/wp\/v2\/users\/3"}],"replies":[{"embeddable":true,"href":"https:\/\/agrarias.ufpr.br\/ceex\/wp-json\/wp\/v2\/comments?post=375"}],"version-history":[{"count":10,"href":"https:\/\/agrarias.ufpr.br\/ceex\/wp-json\/wp\/v2\/pages\/375\/revisions"}],"predecessor-version":[{"id":516,"href":"https:\/\/agrarias.ufpr.br\/ceex\/wp-json\/wp\/v2\/pages\/375\/revisions\/516"}],"wp:attachment":[{"href":"https:\/\/agrarias.ufpr.br\/ceex\/wp-json\/wp\/v2\/media?parent=375"}],"curies":[{"name":"wp","href":"https:\/\/api.w.org\/{rel}","templated":true}]}}