{"id":81,"date":"2015-03-20T16:30:28","date_gmt":"2015-03-20T16:30:28","guid":{"rendered":"https:\/\/agrarias.ufpr.br\/ccmv\/?page_id=81"},"modified":"2026-03-23T15:16:48","modified_gmt":"2026-03-23T15:16:48","slug":"httpwww-agrarias-ufpr-brportalccmvwp-contentuploadssites11201503normatcc-pdfnormas-para-o-tcc","status":"publish","type":"page","link":"https:\/\/agrarias.ufpr.br\/ccmv\/httpwww-agrarias-ufpr-brportalccmvwp-contentuploadssites11201503normatcc-pdfnormas-para-o-tcc\/","title":{"rendered":"Normas para Elabora\u00e7\u00e3o de &#8220;Trabalho de Conclus\u00e3o de Curso&#8221; &#8211; TCC"},"content":{"rendered":"<p><a href=\"https:\/.ufpr.br\/normalizacao.html\">https:\/.ufpr.br\/normalizacao.html<\/a><\/p>\n<p><a href=\"https:\/.ufpr.br\/tutoriais\/tutoriais_normaliza\/estrutura_tcc.pdf\">https:\/.ufpr.br\/tutoriais\/tutoriais_normaliza\/estrutura_tcc.pdf<\/a><\/p>\n<p><a href=\"https:\/\/agrarias.ufpr.br\/ccmv\/wp-content\/uploads\/sites\/11\/2020\/10\/Modelo-de-TCC.pdf\">Modelo de TCC<\/a><\/p>\n<p>&nbsp;<\/p>\n<p>&nbsp;<\/p>\n","protected":false},"excerpt":{"rendered":"<p>https:\/.ufpr.br\/normalizacao.html https:\/.ufpr.br\/tutoriais\/tutoriais_normaliza\/estrutura_tcc.pdf Modelo de TCC &nbsp; &nbsp;<\/p>\n","protected":false},"author":1837,"featured_media":0,"parent":0,"menu_order":0,"comment_status":"closed","ping_status":"open","template":"","meta":{"footnotes":""},"class_list":["post-81","page","type-page","status-publish","hentry"],"_links":{"self":[{"href":"https:\/\/agrarias.ufpr.br\/ccmv\/wp-json\/wp\/v2\/pages\/81","targetHints":{"allow":["GET"]}}],"collection":[{"href":"https:\/\/agrarias.ufpr.br\/ccmv\/wp-json\/wp\/v2\/pages"}],"about":[{"href":"https:\/\/agrarias.ufpr.br\/ccmv\/wp-json\/wp\/v2\/types\/page"}],"author":[{"embeddable":true,"href":"https:\/\/agrarias.ufpr.br\/ccmv\/wp-json\/wp\/v2\/users\/1837"}],"replies":[{"embeddable":true,"href":"https:\/\/agrarias.ufpr.br\/ccmv\/wp-json\/wp\/v2\/comments?post=81"}],"version-history":[{"count":9,"href":"https:\/\/agrarias.ufpr.br\/ccmv\/wp-json\/wp\/v2\/pages\/81\/revisions"}],"predecessor-version":[{"id":2086,"href":"https:\/\/agrarias.ufpr.br\/ccmv\/wp-json\/wp\/v2\/pages\/81\/revisions\/2086"}],"wp:attachment":[{"href":"https:\/\/agrarias.ufpr.br\/ccmv\/wp-json\/wp\/v2\/media?parent=81"}],"curies":[{"name":"wp","href":"https:\/\/api.w.org\/{rel}","templated":true}]}}