{"id":3163,"date":"2023-08-31T14:12:24","date_gmt":"2023-08-31T14:12:24","guid":{"rendered":"https:\/\/agrarias.ufpr.br\/ccmv\/?page_id=3163"},"modified":"2026-03-23T15:16:47","modified_gmt":"2026-03-23T15:16:47","slug":"dispensa-pre-requisito","status":"publish","type":"page","link":"https:\/\/agrarias.ufpr.br\/ccmv\/dispensa-pre-requisito\/","title":{"rendered":"Dispensa Pr\u00e9-requisito"},"content":{"rendered":"\n<p><a href=\"https:\/\/agrarias.ufpr.br\/ccmv\/avisos\/solicitacao-de-dispensa-de-pre-requisito-e-correquisito-2023-2\/\">SOLICITA\u00c7\u00c3O DE DISPENSA DE PR\u00c9-REQUISITO E CORREQUISITO 2024\/2<\/a><\/p>\n","protected":false},"excerpt":{"rendered":"<p>SOLICITA\u00c7\u00c3O DE DISPENSA DE PR\u00c9-REQUISITO E CORREQUISITO 2024\/2<\/p>\n","protected":false},"author":1001,"featured_media":0,"parent":0,"menu_order":0,"comment_status":"closed","ping_status":"closed","template":"","meta":{"footnotes":""},"class_list":["post-3163","page","type-page","status-publish","hentry"],"_links":{"self":[{"href":"https:\/\/agrarias.ufpr.br\/ccmv\/wp-json\/wp\/v2\/pages\/3163","targetHints":{"allow":["GET"]}}],"collection":[{"href":"https:\/\/agrarias.ufpr.br\/ccmv\/wp-json\/wp\/v2\/pages"}],"about":[{"href":"https:\/\/agrarias.ufpr.br\/ccmv\/wp-json\/wp\/v2\/types\/page"}],"author":[{"embeddable":true,"href":"https:\/\/agrarias.ufpr.br\/ccmv\/wp-json\/wp\/v2\/users\/1001"}],"replies":[{"embeddable":true,"href":"https:\/\/agrarias.ufpr.br\/ccmv\/wp-json\/wp\/v2\/comments?post=3163"}],"version-history":[{"count":3,"href":"https:\/\/agrarias.ufpr.br\/ccmv\/wp-json\/wp\/v2\/pages\/3163\/revisions"}],"predecessor-version":[{"id":3291,"href":"https:\/\/agrarias.ufpr.br\/ccmv\/wp-json\/wp\/v2\/pages\/3163\/revisions\/3291"}],"wp:attachment":[{"href":"https:\/\/agrarias.ufpr.br\/ccmv\/wp-json\/wp\/v2\/media?parent=3163"}],"curies":[{"name":"wp","href":"https:\/\/api.w.org\/{rel}","templated":true}]}}