{"id":2769,"date":"2022-05-16T12:49:42","date_gmt":"2022-05-16T12:49:42","guid":{"rendered":"https:\/\/agrarias.ufpr.br\/ccmv\/?page_id=2769"},"modified":"2026-03-23T15:16:48","modified_gmt":"2026-03-23T15:16:48","slug":"grade-e-corpo-docente","status":"publish","type":"page","link":"https:\/\/agrarias.ufpr.br\/ccmv\/grade-e-corpo-docente\/","title":{"rendered":"PCC, Grade Hor\u00e1ria e Corpo Docente"},"content":{"rendered":"\n<p><strong><a href=\"https:\/\/agrarias.ufpr.br\/ccmv\/wp-content\/uploads\/sites\/11\/2022\/05\/PPC___Medicina_Veterinaria___2017_Completo.pdf\">PPC CURR\u00cdCULO 35B &#8211; 2017<\/a><\/strong><\/p>\n\n\n\n<p><strong><a title=\"\" href=\"https:\/\/agrarias.ufpr.br\/ccmv\/wp-content\/uploads\/sites\/11\/2025\/02\/PPC-MED-VET-35B-2025.pdf\">PPC CURR\u00cdCULO 35B &#8211; 2025<\/a><\/strong><\/p>\n\n\n\n<p><strong><a href=\"https:\/\/agrarias.ufpr.br\/ccmv\/wp-content\/uploads\/sites\/11\/2025\/06\/Ementas-Curriculo-35B-de-2025.pdf\" title=\"\">EMENTAS CURR\u00cdCULO 35B &#8211; 2025<\/a><\/strong><\/p>\n\n\n\n<p><a href=\"https:\/\/agrarias.ufpr.br\/ccmv\/wp-content\/uploads\/sites\/11\/2022\/05\/MEDICINA-VETERINARIA-CURITIBA.pdf\"><strong>Corpo Docente &#8211; Atualizado em 14\/02\/2025<\/strong><\/a><\/p>\n\n\n\n<p><strong><a href=\"https:\/\/agrarias.ufpr.br\/ccmv\/avisos\/grades-horarias-2022-2-atualizada-em-26-09-2022\/\">Grades Hor\u00e1rias &#8211; 1\u00ba Semestre \/ 2025<\/a><\/strong><\/p>\n\n\n\n<p><strong><a href=\"https:\/\/agrarias.ufpr.br\/ccmv\/avisos\/fichas-2-periodo-2022-2-atualizado-em-30-08-22\/\">FICHAS 2 \u2013 PER\u00cdODO 2022\/2 (atualizado em 27\/09\/22 \u00e0s 09h08&#8242;)<\/a><\/strong><\/p>\n\n\n\n<p><a href=\"https:\/\/agrarias.ufpr.br\/ccmv\/wp-content\/uploads\/sites\/11\/2022\/05\/Resolucao-02.22-CCMV-Atividades-Complementares-PAPEL-TIMBRADO-1.pdf\"><strong>35B \u2013 Resolu\u00e7\u00e3o 02\/2022 CCMV &#8211; Regulamenta as Atividades Formativas<\/strong><\/a><\/p>\n\n\n\n<p><a href=\"https:\/\/agrarias.ufpr.br\/ccmv\/wp-content\/uploads\/sites\/11\/2022\/05\/Resolucao-03.22-ESTAGIOS-PAPEL-TIMBRADO.pdf\"> <strong>35B \u2013 Resolu\u00e7\u00e3o 02\/2016 CCMV e 03\/2022 CCMV &#8211; Regulamenta os Est\u00e1gios<\/strong><\/a><\/p>\n\n\n\n<p><strong><a href=\"https:\/\/agrarias.ufpr.br\/ccmv\/wp-content\/uploads\/sites\/11\/2025\/06\/RESOLUCAO-01.2023-\u2013-CCMV-TCC.pdf\" title=\"\">35B &#8211; Resolu\u00e7\u00e3o 01\/2023 CCMV &#8211; Regulamenta o TCC<\/a><\/strong><\/p>\n\n\n\n<p><a href=\"https:\/\/agrarias.ufpr.br\/ccmv\/wp-content\/uploads\/sites\/11\/2022\/05\/PLANILHA-DE-ATIVIDADES-FORMATIVAS-35B-1.pdf\"><strong>35B \u2013 Planilha Atividades Formativas \u2013 Curr\u00edculo 35B<\/strong><\/a><\/p>\n\n\n\n<p><\/p>\n","protected":false},"excerpt":{"rendered":"<p>PPC CURR\u00cdCULO 35B &#8211; 2017 PPC CURR\u00cdCULO 35B &#8211; 2025 EMENTAS CURR\u00cdCULO 35B &#8211; 2025 Corpo Docente &#8211; Atualizado em 14\/02\/2025 Grades Hor\u00e1rias &#8211; 1\u00ba Semestre \/ 2025 FICHAS 2 \u2013 PER\u00cdODO 2022\/2 (atualizado em 27\/09\/22 \u00e0s 09h08&#8242;) 35B \u2013 Resolu\u00e7\u00e3o 02\/2022 CCMV &#8211; Regulamenta as Atividades Formativas 35B \u2013 Resolu\u00e7\u00e3o 02\/2016 CCMV e 03\/2022 [&hellip;]<\/p>\n","protected":false},"author":1001,"featured_media":0,"parent":0,"menu_order":0,"comment_status":"closed","ping_status":"closed","template":"","meta":{"footnotes":""},"class_list":["post-2769","page","type-page","status-publish","hentry"],"_links":{"self":[{"href":"https:\/\/agrarias.ufpr.br\/ccmv\/wp-json\/wp\/v2\/pages\/2769","targetHints":{"allow":["GET"]}}],"collection":[{"href":"https:\/\/agrarias.ufpr.br\/ccmv\/wp-json\/wp\/v2\/pages"}],"about":[{"href":"https:\/\/agrarias.ufpr.br\/ccmv\/wp-json\/wp\/v2\/types\/page"}],"author":[{"embeddable":true,"href":"https:\/\/agrarias.ufpr.br\/ccmv\/wp-json\/wp\/v2\/users\/1001"}],"replies":[{"embeddable":true,"href":"https:\/\/agrarias.ufpr.br\/ccmv\/wp-json\/wp\/v2\/comments?post=2769"}],"version-history":[{"count":33,"href":"https:\/\/agrarias.ufpr.br\/ccmv\/wp-json\/wp\/v2\/pages\/2769\/revisions"}],"predecessor-version":[{"id":3525,"href":"https:\/\/agrarias.ufpr.br\/ccmv\/wp-json\/wp\/v2\/pages\/2769\/revisions\/3525"}],"wp:attachment":[{"href":"https:\/\/agrarias.ufpr.br\/ccmv\/wp-json\/wp\/v2\/media?parent=2769"}],"curies":[{"name":"wp","href":"https:\/\/api.w.org\/{rel}","templated":true}]}}