{"id":2665,"date":"2022-04-29T17:47:49","date_gmt":"2022-04-29T17:47:49","guid":{"rendered":"https:\/\/agrarias.ufpr.br\/ccmv\/?page_id=2665"},"modified":"2026-03-31T19:25:54","modified_gmt":"2026-03-31T19:25:54","slug":"formularios-curriculo-35b-2","status":"publish","type":"page","link":"https:\/\/agrarias.ufpr.br\/ccmv\/formularios-curriculo-35b-2\/","title":{"rendered":"Formul\u00e1rios Curr\u00edculo 35B"},"content":{"rendered":"\n<p><\/p>\n\n\n\n<p><a href=\"https:\/\/agrarias.ufpr.br\/ccmv\/wp-content\/uploads\/sites\/11\/2023\/06\/AUTORIZACAO-DE-MATRICULA-EM-ESTAGIO-CURRICULAR-PE.docx\"><strong>AUTORIZA\u00c7AO DE MATRICULA EM ESTAGIO CURRICULAR PE.doc<\/strong><\/a><\/p>\n\n\n\n<p><strong><a href=\"https:\/\/agrarias.ufpr.br\/ccmv\/wp-content\/uploads\/sites\/11\/2023\/06\/AUTORIZACAO-DE-MATRICULA-EM-ESTAGIO-CURRICULAR-PE.pdf\">AUTORIZA\u00c7AO DE MATRICULA EM ESTAGIO CURRICULAR PE.pdf<\/a><\/strong><\/p>\n\n\n\n<p><strong><a href=\"https:\/\/agrarias.ufpr.br\/ccmv\/wp-content\/uploads\/sites\/11\/2025\/09\/ATA-DA-BANCA-EXAMINADORA-TCC.docx\">ATA DA BANCA EXAMINADORA TCC.doc<\/a><\/strong><\/p>\n\n\n\n<p><strong><a href=\"https:\/\/agrarias.ufpr.br\/ccmv\/wp-content\/uploads\/sites\/11\/2025\/09\/ATA-DA-BANCA-EXAMINADORA-TCC.pdf\">ATA DA BANCA EXAMINADORA TCC.pdf<\/a><\/strong><\/p>\n\n\n\n<p><strong><a href=\"https:\/\/agrarias.ufpr.br\/ccmv\/wp-content\/uploads\/sites\/11\/2022\/04\/AVALIACAO-DE-ESTAGIO-CURRICULAR-OBRIGATORIO.doc\">AVALIA\u00c7\u00c3O-DE-EST\u00c1GIO-CURRICULAR-OBRIGAT\u00d3RIO.doc<\/a><\/strong> Preencher um para cada local estagiado<\/p>\n\n\n\n<p><strong><a href=\"https:\/\/agrarias.ufpr.br\/ccmv\/wp-content\/uploads\/sites\/11\/2022\/04\/AVALIACAO-DE-ESTAGIO-CURRICULAR-OBRIGATORIO.pdf\">AVALIA\u00c7\u00c3O DE EST\u00c1GIO CURRICULAR OBRIGAT\u00d3RIO.pdf<\/a><\/strong>  Preencher um para cada local estagiado<\/p>\n\n\n\n<p><strong><a href=\"https:\/\/agrarias.ufpr.br\/ccmv\/wp-content\/uploads\/sites\/11\/2019\/05\/AVALIA\u00c7\u00c3O-DE-EST\u00c1GIO-CURRICULAR-OBRIGAT\u00d3RIO-NO-EXTERIOR.pdf\" title=\"\">AVALIA\u00c7\u00c3O-DE-EST\u00c1GIO-CURRICULAR-OBRIGAT\u00d3RIO-NO-EXTERIOR.pdf<\/a> <\/strong>Preencher um para cada local estagiado<\/p>\n\n\n\n<p><strong><a href=\"https:\/\/agrarias.ufpr.br\/ccmv\/wp-content\/uploads\/sites\/11\/2022\/04\/FORMULARIO-PARA-AGENDAMENTO-BANCA-DE-TCC.docx\"><\/a><\/strong><a href=\"https:\/\/agrarias.ufpr.br\/ccmv\/wp-content\/uploads\/sites\/11\/2022\/04\/FORMULARIO-PARA-AGENDAMENTO-BANCA-DE-TCC.docx\"><strong>FORMUL\u00c1RIO PARA AGENDAMENTO BANCA DE TCC.doc<\/strong><\/a><\/p>\n\n\n\n<p><strong><a href=\"https:\/\/agrarias.ufpr.br\/ccmv\/wp-content\/uploads\/sites\/11\/2022\/04\/FORMULARIO-PARA-AGENDAMENTO-BANCA-DE-TCC.pdf\">FORMUL\u00c1RIO PARA AGENDAMENTO BANCA DE TCC.pdf<\/a><\/strong><\/p>\n\n\n\n<p><strong><a href=\"https:\/\/agrarias.ufpr.br\/ccmv\/wp-content\/uploads\/sites\/11\/2025\/09\/INSTRUMENTO-DE-AVALIACAO-DO-TCC.doc\">INSTRUMENTO DE AVALIA\u00c7\u00c3O DO TCC.doc<\/a><\/strong><\/p>\n\n\n\n<p><strong><a href=\"https:\/\/agrarias.ufpr.br\/ccmv\/wp-content\/uploads\/sites\/11\/2025\/09\/INSTRUMENTO-DE-AVALIACAO-DO-TCC.pdf\">INSTRUMENTO DE AVALIA\u00c7\u00c3O DO TCC.pdf<\/a><\/strong><\/p>\n\n\n\n<p><strong><a href=\"https:\/\/agrarias.ufpr.br\/ccmv\/wp-content\/uploads\/sites\/11\/2022\/05\/PLANILHA-DE-ATIVIDADES-FORMATIVAS-35B.docx\">PLANILHA DE ATIVIDADES FORMATIVAS.doc<\/a><\/strong><\/p>\n\n\n\n<p><strong><a href=\"https:\/\/agrarias.ufpr.br\/ccmv\/wp-content\/uploads\/sites\/11\/2022\/05\/PLANILHA-DE-ATIVIDADES-FORMATIVAS-35B-1.pdf\">PLANILHA DE ATIVIDADES FORMATIVAS.pdf<\/a><\/strong> <em> (depois de preenchida e analisada pela COE, enviar para o e-mail da Coordena\u00e7\u00e3o)<\/em><\/p>\n\n\n\n<p><a href=\"https:\/\/agrarias.ufpr.br\/ccmv\/wp-content\/uploads\/sites\/11\/2023\/02\/PLANO-DE-ESTAGIO-CURRICULAR-OBRIGATORIO.docx\"><strong>PLANO-DE-ESTAGIO-CURRICULAR-OBRIGATORIO.docx<\/strong><\/a> <em>Somente se no Formul\u00e1rio do local do Est\u00e1gio n\u00e3o tiver um campo para descrever as atividades que ser\u00e3o desenvolvidas. Quando usar o Formul\u00e1rio da UFPR n\u00e3o precisa)<\/em><\/p>\n\n\n\n<p><a href=\"https:\/\/agrarias.ufpr.br\/ccmv\/wp-content\/uploads\/sites\/11\/2023\/02\/PLANO-DE-ESTAGIO-CURRICULAR-OBRIGATORIO.pdf\"><strong>PLANO-DE-ESTAGIO-CURRICULAR-OBRIGATORIO.pdf<\/strong><\/a> <em><em>Somente se no Formul\u00e1rio do local do Est\u00e1gio n\u00e3o tiver um campo para descrever as atividades que ser\u00e3o desenvolvidas. Quando usar o Formul\u00e1rio da UFPR n\u00e3o precisa)<\/em><\/em><\/p>\n\n\n\n<p><a href=\"https:\/\/agrarias.ufpr.br\/ccmv\/wp-content\/uploads\/sites\/11\/2023\/02\/REQUERIMENTO-REALIZACAO-ESTAGIO-NO-EXTERIOR.doc\"><strong>REQUERIMENTO-REALIZACAO-ESTAGIO-NO-EXTERIOR.doc<\/strong><\/a><\/p>\n\n\n\n<p><a href=\"https:\/\/agrarias.ufpr.br\/ccmv\/wp-content\/uploads\/sites\/11\/2019\/05\/REQUERIMENTO-REALIZA\u00c7\u00c3O-EST\u00c1GIO-NO-EXTERIOR.pdf\"><strong>REQUERIMENTO-REALIZA\u00c7\u00c3O-EST\u00c1GIO-NO-EXTERIOR.pdf<\/strong><\/a><\/p>\n\n\n\n<p><strong><a href=\"https:\/\/agrarias.ufpr.br\/ccmv\/wp-content\/uploads\/sites\/11\/2019\/10\/SOLICITA\u00c7\u00c3O-DE-VAGA-PARA-EST\u00c1GIO-OBRIGAT\u00d3RIO.pdf\">SOLICITA\u00c7\u00c3O DE VAGA PARA EST\u00c1GIO OBRIGAT\u00d3RIO.doc<\/a><\/strong> <em>(somente se o local do Est\u00e1gio solicitar<\/em>)<\/p>\n\n\n\n<p><a href=\"http:\/\/200.17.193.102\/tela_estagio_formularios\/\"><strong>TERMO DE COMPROMISSO UFPR<\/strong><\/a><\/p>\n\n\n\n<p><strong><a href=\"https:\/\/agrarias.ufpr.br\/ccmv\/wp-content\/uploads\/sites\/11\/2026\/03\/TERMO-DE-APROVACAO-TCC.doc\">TERMO DE APROVA\u00c7\u00c3O TCC.doc<\/a><\/strong><\/p>\n\n\n\n<p><strong><a href=\"https:\/\/agrarias.ufpr.br\/ccmv\/wp-content\/uploads\/sites\/11\/2022\/04\/TERMO-DE-APROVACAO-TCC.pdf\">TERMO DE APROVA\u00c7\u00c3O TCC.pdf<\/a><\/strong><\/p>\n\n\n\n<p><a title=\"\" href=\"https:\/\/agrarias.ufpr.br\/ccmv\/wp-content\/uploads\/sites\/11\/2023\/10\/TERMO-DE-SUBSTITUICAO-DE-ORIENTACAO-NO-TCC.doc\"><strong>TERMO DE SUBSTITUICAO DE ORIENTACAO NO TCC.doc<\/strong><\/a><\/p>\n\n\n\n<p><a title=\"\" href=\"https:\/\/agrarias.ufpr.br\/ccmv\/wp-content\/uploads\/sites\/11\/2023\/10\/TERMO-DE-SUBSTITUICAO-DE-ORIENTACAO-NO-TCC.pdf\"><strong>TERMO DE SUBSTITUICAO DE ORIENTACAO NO TCC.pdf<\/strong><\/a><\/p>\n\n\n\n<p><\/p>\n","protected":false},"excerpt":{"rendered":"<p>AUTORIZA\u00c7AO DE MATRICULA EM ESTAGIO CURRICULAR PE.doc AUTORIZA\u00c7AO DE MATRICULA EM ESTAGIO CURRICULAR PE.pdf ATA DA BANCA EXAMINADORA TCC.doc ATA DA BANCA EXAMINADORA TCC.pdf AVALIA\u00c7\u00c3O-DE-EST\u00c1GIO-CURRICULAR-OBRIGAT\u00d3RIO.doc Preencher um para cada local estagiado AVALIA\u00c7\u00c3O DE EST\u00c1GIO CURRICULAR OBRIGAT\u00d3RIO.pdf Preencher um para cada local estagiado AVALIA\u00c7\u00c3O-DE-EST\u00c1GIO-CURRICULAR-OBRIGAT\u00d3RIO-NO-EXTERIOR.pdf Preencher um para cada local estagiado FORMUL\u00c1RIO PARA AGENDAMENTO BANCA DE TCC.doc [&hellip;]<\/p>\n","protected":false},"author":1001,"featured_media":0,"parent":0,"menu_order":0,"comment_status":"closed","ping_status":"closed","template":"","meta":{"footnotes":""},"class_list":["post-2665","page","type-page","status-publish","hentry"],"_links":{"self":[{"href":"https:\/\/agrarias.ufpr.br\/ccmv\/wp-json\/wp\/v2\/pages\/2665","targetHints":{"allow":["GET"]}}],"collection":[{"href":"https:\/\/agrarias.ufpr.br\/ccmv\/wp-json\/wp\/v2\/pages"}],"about":[{"href":"https:\/\/agrarias.ufpr.br\/ccmv\/wp-json\/wp\/v2\/types\/page"}],"author":[{"embeddable":true,"href":"https:\/\/agrarias.ufpr.br\/ccmv\/wp-json\/wp\/v2\/users\/1001"}],"replies":[{"embeddable":true,"href":"https:\/\/agrarias.ufpr.br\/ccmv\/wp-json\/wp\/v2\/comments?post=2665"}],"version-history":[{"count":60,"href":"https:\/\/agrarias.ufpr.br\/ccmv\/wp-json\/wp\/v2\/pages\/2665\/revisions"}],"predecessor-version":[{"id":3749,"href":"https:\/\/agrarias.ufpr.br\/ccmv\/wp-json\/wp\/v2\/pages\/2665\/revisions\/3749"}],"wp:attachment":[{"href":"https:\/\/agrarias.ufpr.br\/ccmv\/wp-json\/wp\/v2\/media?parent=2665"}],"curies":[{"name":"wp","href":"https:\/\/api.w.org\/{rel}","templated":true}]}}