{"id":2629,"date":"2022-04-26T13:53:26","date_gmt":"2022-04-26T13:53:26","guid":{"rendered":"https:\/\/agrarias.ufpr.br\/ccmv\/?page_id=2629"},"modified":"2026-03-23T15:16:48","modified_gmt":"2026-03-23T15:16:48","slug":"formandos","status":"publish","type":"page","link":"https:\/\/agrarias.ufpr.br\/ccmv\/formandos\/","title":{"rendered":"Formandos"},"content":{"rendered":"\n<p><strong><a href=\"https:\/\/agrarias.ufpr.br\/ccmv\/formularios-curriculo-35b-2\/\">Formul\u00e1rios Curr\u00edculo 35B<\/a><\/strong><\/p>\n\n\n\n<p><strong><a href=\"https:\/\/agrarias.ufpr.br\/ccmv\/httpwww-agrarias-ufpr-brportalccmvwp-contentuploadssites11201503normatcc-pdfnormas-para-o-tcc\/\">Normas para Elabora\u00e7\u00e3o de \u201cTrabalho de Conclus\u00e3o de Curso\u201d \u2013 TCC&nbsp;<\/a><\/strong><\/p>\n\n\n\n<p><strong><a href=\"https:\/\/agrarias.ufpr.br\/ccmv\/estagios\/\">Est\u00e1gio&nbsp;<\/a><\/strong><\/p>\n","protected":false},"excerpt":{"rendered":"<p>Formul\u00e1rios Curr\u00edculo 35B Normas para Elabora\u00e7\u00e3o de \u201cTrabalho de Conclus\u00e3o de Curso\u201d \u2013 TCC&nbsp; Est\u00e1gio&nbsp;<\/p>\n","protected":false},"author":3,"featured_media":0,"parent":0,"menu_order":0,"comment_status":"closed","ping_status":"closed","template":"","meta":{"footnotes":""},"class_list":["post-2629","page","type-page","status-publish","hentry"],"_links":{"self":[{"href":"https:\/\/agrarias.ufpr.br\/ccmv\/wp-json\/wp\/v2\/pages\/2629","targetHints":{"allow":["GET"]}}],"collection":[{"href":"https:\/\/agrarias.ufpr.br\/ccmv\/wp-json\/wp\/v2\/pages"}],"about":[{"href":"https:\/\/agrarias.ufpr.br\/ccmv\/wp-json\/wp\/v2\/types\/page"}],"author":[{"embeddable":true,"href":"https:\/\/agrarias.ufpr.br\/ccmv\/wp-json\/wp\/v2\/users\/3"}],"replies":[{"embeddable":true,"href":"https:\/\/agrarias.ufpr.br\/ccmv\/wp-json\/wp\/v2\/comments?post=2629"}],"version-history":[{"count":9,"href":"https:\/\/agrarias.ufpr.br\/ccmv\/wp-json\/wp\/v2\/pages\/2629\/revisions"}],"predecessor-version":[{"id":3290,"href":"https:\/\/agrarias.ufpr.br\/ccmv\/wp-json\/wp\/v2\/pages\/2629\/revisions\/3290"}],"wp:attachment":[{"href":"https:\/\/agrarias.ufpr.br\/ccmv\/wp-json\/wp\/v2\/media?parent=2629"}],"curies":[{"name":"wp","href":"https:\/\/api.w.org\/{rel}","templated":true}]}}