{"id":2613,"date":"2022-04-26T13:05:47","date_gmt":"2022-04-26T13:05:47","guid":{"rendered":"https:\/\/agrarias.ufpr.br\/ccmv\/?page_id=2613"},"modified":"2026-03-23T15:16:47","modified_gmt":"2026-03-23T15:16:47","slug":"academicos","status":"publish","type":"page","link":"https:\/\/agrarias.ufpr.br\/ccmv\/academicos\/","title":{"rendered":"Acad\u00eamicos"},"content":{"rendered":"\n<p><a href=\"https:\/\/agrarias.ufpr.br\/ccmv\/grade-horaria\/\"><\/a><strong><a href=\"https:\/\/agrarias.ufpr.br\/ccmv\/avisos\/grades-horarias-2025-1-atualizada-em-19-02-2025-18h15%e2%80%b2\/\">GRADES HOR\u00c1RIAS &#8211; 2025\/1<\/a><\/strong><\/p>\n\n\n\n<p><a href=\"https:\/\/agrarias.ufpr.br\/ccmv\/calendario-academico\/\"><strong>Calend\u00e1rios Acad\u00eamicos<\/strong><\/a><\/p>\n\n\n\n<p><a href=\"https:\/\/www.prppg.ufpr.br\/siga\/\" title=\"\"><strong>SIGA&nbsp;<\/strong><\/a><\/p>\n\n\n\n<p><a href=\"https:\/\/agrarias.ufpr.br\/ccmv\/wp-content\/uploads\/sites\/11\/2026\/02\/GUIA-ESTUDANTE-2026.pdf\"><strong>GUIA DO ESTUDANTE UFPR 2026<\/strong><\/a><\/p>\n\n\n\n<p><a href=\"https:\/\/agrarias.ufpr.br\/ccmv\/formularios\/\"><strong>Formul\u00e1rios<\/strong><\/a><\/p>\n\n\n\n<p><a href=\"http:\/\/www.prae.ufpr.br\/prae\/programas-da-prae\/probem\/\" title=\"\"><strong>PRAE\/PROBEM &#8211; Aux\u00edlios Creche, Moradia, Perman\u00eancia e Refei\u00e7\u00e3o<\/strong><\/a><\/p>\n\n\n\n<p><a href=\"https:\/\/agrarias.ufpr.br\/ccmv\/estagios\/\"><strong>Est\u00e1gio<\/strong><\/a><\/p>\n\n\n\n<p><a href=\"http:\/\/www.prograd.ufpr.br\/portal\/coafe\/ue\/certificados\/\" title=\"\"><strong>Certificados Est\u00e1gios<\/strong><\/a><\/p>\n\n\n\n<p><a href=\"http:\/\/www.prograd.ufpr.br\/portal\/coafe\/uaf\/monitoria\/\" title=\"\"><strong>PIM &#8211; Programa Institucional de Monitoria&nbsp;<\/strong><\/a><\/p>\n\n\n\n<p><a href=\"http:\/\/www.prppg.ufpr.br\/site\/ic\/\"><strong>Inicia\u00e7\u00e3o Cient\u00edfica<\/strong><\/a><\/p>\n\n\n\n<p><a href=\"http:\/\/www.prograd.ufpr.br\/portal\/coafe\/uaf\/pva\/\" title=\"\"><strong>PVA &#8211; Programa de Voluntariado Acad\u00eamico&nbsp;<\/strong><\/a><\/p>\n\n\n\n<p><a href=\"https:\/\/internacional.ufpr.br\/\"><strong>Mobilidade Acad\u00eamica<\/strong><\/a><\/p>\n\n\n\n<p><a href=\"https:\/\/agrarias.ufpr.br\/ccmv\/centro-academico-camv\/\"><strong>CAMV &#8211; Centro Acad\u00eamico de Medicina Veterin\u00e1ria<\/strong><\/a><\/p>\n","protected":false},"excerpt":{"rendered":"<p>GRADES HOR\u00c1RIAS &#8211; 2025\/1 Calend\u00e1rios Acad\u00eamicos SIGA&nbsp; GUIA DO ESTUDANTE UFPR 2026 Formul\u00e1rios PRAE\/PROBEM &#8211; Aux\u00edlios Creche, Moradia, Perman\u00eancia e Refei\u00e7\u00e3o Est\u00e1gio Certificados Est\u00e1gios PIM &#8211; Programa Institucional de Monitoria&nbsp; Inicia\u00e7\u00e3o Cient\u00edfica PVA &#8211; Programa de Voluntariado Acad\u00eamico&nbsp; Mobilidade Acad\u00eamica CAMV &#8211; Centro Acad\u00eamico de Medicina Veterin\u00e1ria<\/p>\n","protected":false},"author":3,"featured_media":0,"parent":0,"menu_order":0,"comment_status":"closed","ping_status":"closed","template":"","meta":{"footnotes":""},"class_list":["post-2613","page","type-page","status-publish","hentry"],"_links":{"self":[{"href":"https:\/\/agrarias.ufpr.br\/ccmv\/wp-json\/wp\/v2\/pages\/2613","targetHints":{"allow":["GET"]}}],"collection":[{"href":"https:\/\/agrarias.ufpr.br\/ccmv\/wp-json\/wp\/v2\/pages"}],"about":[{"href":"https:\/\/agrarias.ufpr.br\/ccmv\/wp-json\/wp\/v2\/types\/page"}],"author":[{"embeddable":true,"href":"https:\/\/agrarias.ufpr.br\/ccmv\/wp-json\/wp\/v2\/users\/3"}],"replies":[{"embeddable":true,"href":"https:\/\/agrarias.ufpr.br\/ccmv\/wp-json\/wp\/v2\/comments?post=2613"}],"version-history":[{"count":37,"href":"https:\/\/agrarias.ufpr.br\/ccmv\/wp-json\/wp\/v2\/pages\/2613\/revisions"}],"predecessor-version":[{"id":3572,"href":"https:\/\/agrarias.ufpr.br\/ccmv\/wp-json\/wp\/v2\/pages\/2613\/revisions\/3572"}],"wp:attachment":[{"href":"https:\/\/agrarias.ufpr.br\/ccmv\/wp-json\/wp\/v2\/media?parent=2613"}],"curies":[{"name":"wp","href":"https:\/\/api.w.org\/{rel}","templated":true}]}}