{"id":126,"date":"2015-03-20T16:44:06","date_gmt":"2015-03-20T16:44:06","guid":{"rendered":"https:\/\/agrarias.ufpr.br\/ccmv\/?page_id=126"},"modified":"2026-03-23T15:16:47","modified_gmt":"2026-03-23T15:16:47","slug":"centro-academico-camv","status":"publish","type":"page","link":"https:\/\/agrarias.ufpr.br\/ccmv\/centro-academico-camv\/","title":{"rendered":"CAMV &#8211; Centro Acad\u00eamico de Medicina Veterin\u00e1ria &#8211; Gest\u00e3o 2025\/2026"},"content":{"rendered":"<div dir=\"ltr\">\n<div dir=\"ltr\">Informamos que no dia 21\/07\/2025 a Chapa Boto Cor-de-Rosa finalizou sua gest\u00e3o no Centro Acad\u00eamico de Medicina Veterin\u00e1ria, sendo sucessora a Chapa Lobo-Guar\u00e1.<\/div>\n<div dir=\"ltr\"><\/div>\n<div dir=\"ltr\">Os dados da Presidente, da Vice e da Secret\u00e1ria em exerc\u00edcio s\u00e3o:<\/div>\n<div dir=\"ltr\"><b>\u00a0<\/b><\/div>\n<div dir=\"ltr\">\n<p><strong>PRESIDENTE:<\/strong><\/p>\n<p>Pamella Maria Moraes Fernandes<\/p>\n<p>GRR20233427<\/p>\n<p>20233427<\/p>\n<p><span style=\"text-decoration: underline\"><span style=\"color: #3366ff;text-decoration: underline\"><a style=\"color: #3366ff;text-decoration: underline\" href=\"mailto:ana.sovierzoski@ufpr.br\">pamellafernandes@ufpr.br<\/a><\/span><\/span><\/p>\n<p><strong>VICE-PRESIDENTE GERAL:<\/strong><\/p>\n<p>Tayn\u00e1 Nunes Bispo Roberto<\/p>\n<p>GRR20233424<\/p>\n<p><span style=\"text-decoration: underline\"><span style=\"color: #3366ff\"><a style=\"color: #3366ff;text-decoration: underline\" href=\"mailto:mariaribeiro1@ufpr.br\">taynanunes@ufpr.br<\/a><\/span><\/span><\/p>\n<p><strong>SECRET\u00c1RIA<\/strong><\/p>\n<p>Maria Eduarda Portela Correia<\/p>\n<p>GRR20245512<\/p>\n<p><span style=\"text-decoration: underline\"><span style=\"color: #3366ff;text-decoration: underline\">mariaportela@ufpr.br<\/span><\/span><\/p>\n<\/div>\n<\/div>\n<div><\/div>\n","protected":false},"excerpt":{"rendered":"<p>Informamos que no dia 21\/07\/2025 a Chapa Boto Cor-de-Rosa finalizou sua gest\u00e3o no Centro Acad\u00eamico de Medicina Veterin\u00e1ria, sendo sucessora a Chapa Lobo-Guar\u00e1. Os dados da Presidente, da Vice e da Secret\u00e1ria em exerc\u00edcio s\u00e3o: \u00a0 PRESIDENTE: Pamella Maria Moraes Fernandes GRR20233427 20233427 pamellafernandes@ufpr.br VICE-PRESIDENTE GERAL: Tayn\u00e1 Nunes Bispo Roberto GRR20233424 taynanunes@ufpr.br SECRET\u00c1RIA Maria Eduarda [&hellip;]<\/p>\n","protected":false},"author":1837,"featured_media":0,"parent":0,"menu_order":0,"comment_status":"closed","ping_status":"open","template":"","meta":{"footnotes":""},"class_list":["post-126","page","type-page","status-publish","hentry"],"_links":{"self":[{"href":"https:\/\/agrarias.ufpr.br\/ccmv\/wp-json\/wp\/v2\/pages\/126","targetHints":{"allow":["GET"]}}],"collection":[{"href":"https:\/\/agrarias.ufpr.br\/ccmv\/wp-json\/wp\/v2\/pages"}],"about":[{"href":"https:\/\/agrarias.ufpr.br\/ccmv\/wp-json\/wp\/v2\/types\/page"}],"author":[{"embeddable":true,"href":"https:\/\/agrarias.ufpr.br\/ccmv\/wp-json\/wp\/v2\/users\/1837"}],"replies":[{"embeddable":true,"href":"https:\/\/agrarias.ufpr.br\/ccmv\/wp-json\/wp\/v2\/comments?post=126"}],"version-history":[{"count":29,"href":"https:\/\/agrarias.ufpr.br\/ccmv\/wp-json\/wp\/v2\/pages\/126\/revisions"}],"predecessor-version":[{"id":3510,"href":"https:\/\/agrarias.ufpr.br\/ccmv\/wp-json\/wp\/v2\/pages\/126\/revisions\/3510"}],"wp:attachment":[{"href":"https:\/\/agrarias.ufpr.br\/ccmv\/wp-json\/wp\/v2\/media?parent=126"}],"curies":[{"name":"wp","href":"https:\/\/api.w.org\/{rel}","templated":true}]}}