{"id":105,"date":"2015-03-20T16:39:58","date_gmt":"2015-03-20T16:39:58","guid":{"rendered":"https:\/\/agrarias.ufpr.br\/ccmv\/?page_id=105"},"modified":"2026-03-23T15:16:47","modified_gmt":"2026-03-23T15:16:47","slug":"calendario-academico","status":"publish","type":"page","link":"https:\/\/agrarias.ufpr.br\/ccmv\/calendario-academico\/","title":{"rendered":"Calend\u00e1rios Acad\u00eamicos"},"content":{"rendered":"<p><a href=\"https:\/\/agrarias.ufpr.br\/ccmv\/wp-content\/uploads\/sites\/11\/2022\/05\/Cursos-15-semanas-Res-31-22-CEPE-SEI_UFPR-4512497.pdf\">Calend\u00e1rio Acad\u00eamico Detalhado Per\u00edodo Letivo 2022<\/a><\/p>\n<p><a href=\"https:\/\/agrarias.ufpr.br\/ccmv\/wp-content\/uploads\/sites\/11\/2022\/11\/SEI_5067835_Resolucao__Conselho_de_Ensino__Pesquisa_e_Extensao_62_22_CEPE.pdf\">Calend\u00e1rio Acad\u00eamico Detalhado Per\u00edodo Letivo 2023<\/a><\/p>\n<p><a href=\"https:\/\/agrarias.ufpr.br\/ccmv\/wp-content\/uploads\/sites\/11\/2023\/12\/Calendario-Academico-2024.pdf\">Calend\u00e1rio Acad\u00eamico Detalhado Per\u00edodo Letivo 2024<\/a><\/p>\n<p><a href=\"https:\/\/agrarias.ufpr.br\/ccmv\/wp-content\/uploads\/sites\/11\/2024\/07\/SEI_UFPR-6780415-Resolucao_-Conselho-de-Ensino-Pesquisa-e-Extensao.pdf\">Calend\u00e1rio Acad\u00eamico Detalhado Per\u00edodo Letivo<\/a><a href=\"https:\/\/agrarias.ufpr.br\/ccmv\/wp-content\/uploads\/sites\/11\/2024\/07\/Calendario-Academico-2024-Atualizado.pdf\"> 2024 &#8211; Atualizado<\/a><\/p>\n<p><a href=\"https:\/\/agrarias.ufpr.br\/ccmv\/wp-content\/uploads\/sites\/11\/2025\/02\/Res.-19.24-Calendario-Academico-2025.pdf\">Calend\u00e1rio Acad\u00eamico Detalhado Per\u00edodo Letivo 2025<\/a><\/p>\n<p><a href=\"https:\/\/agrarias.ufpr.br\/ccmv\/wp-content\/uploads\/sites\/11\/2025\/11\/Calendario-Academico-2026-1.pdf\">Calendario Academico Detalhado Per\u00edodo Letivo 2026<\/a><\/p>\n\n\n<p><\/p>\n","protected":false},"excerpt":{"rendered":"<p>Calend\u00e1rio Acad\u00eamico Detalhado Per\u00edodo Letivo 2022 Calend\u00e1rio Acad\u00eamico Detalhado Per\u00edodo Letivo 2023 Calend\u00e1rio Acad\u00eamico Detalhado Per\u00edodo Letivo 2024 Calend\u00e1rio Acad\u00eamico Detalhado Per\u00edodo Letivo 2024 &#8211; Atualizado Calend\u00e1rio Acad\u00eamico Detalhado Per\u00edodo Letivo 2025 Calendario Academico Detalhado Per\u00edodo Letivo 2026<\/p>\n","protected":false},"author":1837,"featured_media":0,"parent":0,"menu_order":0,"comment_status":"closed","ping_status":"open","template":"","meta":{"footnotes":""},"class_list":["post-105","page","type-page","status-publish","hentry"],"_links":{"self":[{"href":"https:\/\/agrarias.ufpr.br\/ccmv\/wp-json\/wp\/v2\/pages\/105","targetHints":{"allow":["GET"]}}],"collection":[{"href":"https:\/\/agrarias.ufpr.br\/ccmv\/wp-json\/wp\/v2\/pages"}],"about":[{"href":"https:\/\/agrarias.ufpr.br\/ccmv\/wp-json\/wp\/v2\/types\/page"}],"author":[{"embeddable":true,"href":"https:\/\/agrarias.ufpr.br\/ccmv\/wp-json\/wp\/v2\/users\/1837"}],"replies":[{"embeddable":true,"href":"https:\/\/agrarias.ufpr.br\/ccmv\/wp-json\/wp\/v2\/comments?post=105"}],"version-history":[{"count":26,"href":"https:\/\/agrarias.ufpr.br\/ccmv\/wp-json\/wp\/v2\/pages\/105\/revisions"}],"predecessor-version":[{"id":3547,"href":"https:\/\/agrarias.ufpr.br\/ccmv\/wp-json\/wp\/v2\/pages\/105\/revisions\/3547"}],"wp:attachment":[{"href":"https:\/\/agrarias.ufpr.br\/ccmv\/wp-json\/wp\/v2\/media?parent=105"}],"curies":[{"name":"wp","href":"https:\/\/api.w.org\/{rel}","templated":true}]}}