{"id":614,"date":"2016-02-15T17:44:24","date_gmt":"2016-02-15T17:44:24","guid":{"rendered":"https:\/\/agrarias.ufpr.br\/agronomia\/?page_id=614"},"modified":"2026-03-23T18:21:39","modified_gmt":"2026-03-23T18:21:39","slug":"tcc","status":"publish","type":"page","link":"https:\/\/agrarias.ufpr.br\/agronomia\/tcc\/","title":{"rendered":"Est\u00e1gio Obrigat\u00f3rio \/ TCC"},"content":{"rendered":"<p style=\"text-align: center\"><strong>AGRO002 \u2013 EST\u00c1GIO OBRIGAT\u00d3RIO SUPERVISIONADO<\/strong><\/p>\n<p style=\"text-align: left\">Carga hor\u00e1ria: 240h<\/p>\n<p>Documento para solicitar matr\u00edcula na disciplina:<\/p>\n<p><span style=\"color: #0000ff\"><a style=\"color: #0000ff\" href=\"http:\/\/www.prograd.ufpr.br\/estagio\/formularios\/\">Termo de Compromisso de Est\u00e1gio<\/a> <\/span>&#8211; Preencher apenas o Termo de Compromisso e ap\u00f3s coletadas todas as assinaturas, enviar para o e-mail da Coordena\u00e7\u00e3o do Curso (agronomia@ufpr.br), para abertura de turma e registro na Unidade de Est\u00e1gios.<\/p>\n<p>&#8211; A data de in\u00edcio do est\u00e1gio n\u00e3o poder\u00e1 ser retroativa no documento.<\/p>\n<p>&#8211; Para vencer a disciplina, \u00e9 necess\u00e1rio cumprir 240 h de est\u00e1gio durante o per\u00edodo, sendo permitidas as cargas hor\u00e1rias m\u00e1ximas de 06h di\u00e1rias e 30h semanais.<\/p>\n<p>&#8211; Ap\u00f3s o t\u00e9rmino do est\u00e1gio, o aluno dever\u00e1 entregar o\u00a0<span style=\"color: #3366ff\"><a style=\"color: #3366ff\" href=\"http:\/\/www.prograd.ufpr.br\/estagio\/formularios\/\">Relat\u00f3rio de Est\u00e1gio<\/a><\/span> .<\/p>\n<p>A <span style=\"color: #3366ff\"><a style=\"color: #3366ff\" href=\"http:\/\/www.prograd.ufpr.br\/estagio\/formularios\/\">Ficha de Avalia\u00e7\u00e3o<\/a><\/span> (preenchido pelo Supervisor do est\u00e1gio) \u00e9 apenas para a certifica\u00e7\u00e3o dos Est\u00e1gios N\u00e3o Obrigat\u00f3rios.<\/p>\n<p style=\"text-align: center\"><strong>AGRO003 \u2013 TRABALHO DE CONCLUS\u00c3O DE CURSO<\/strong><\/p>\n<p>Carga hor\u00e1ria: 120h<\/p>\n<p>Documento para solicitar matr\u00edcula na disciplina: <span style=\"color: #3366ff\"><a style=\"color: #3366ff\" href=\"https:\/\/agrarias.ufpr.br\/agronomia\/wp-content\/uploads\/sites\/24\/2019\/12\/Termo-Orientador-TCC-curr\u00edculo-2015.pdf\">Termo de Compromisso entre aluno e Orientador<\/a><\/span><\/p>\n<p>Enviar para o e-mail da Coordena\u00e7\u00e3o do Curso (agronomia@ufpr.br), devidamente assinado, para abertura de turma.<\/p>\n<p><strong>FORMUL\u00c1RIOS PARA APRESENTA\u00c7\u00c3O EM BANCA:<\/strong><\/p>\n<p><a href=\"https:\/\/agrarias.ufpr.br\/agronomia\/wp-content\/uploads\/sites\/24\/2019\/12\/Ata-de-Banca-TCC-Agro003.pdf\"><span style=\"color: #3366ff\">Ata de Defesa<\/span><\/a><\/p>\n<p><a href=\"https:\/\/agrarias.ufpr.br\/agronomia\/wp-content\/uploads\/sites\/24\/2019\/12\/MODELO-DO-TERMO-DE-APROVA\u00c7\u00c3O-11.docx\"><span style=\"color: #3366ff\">Termo de Aprova\u00e7\u00e3o<\/span><\/a>\u00a0&#8211; documento que vai dentro do TCC impresso.<\/p>\n<p><span style=\"color: #3366ff\"><a style=\"color: #3366ff\" href=\"https:\/\/agrarias.ufpr.br\/agronomia\/wp-content\/uploads\/sites\/24\/2022\/05\/Frequencia-TCC2015.pdf\">Relat\u00f3rio de Frequ\u00eancia<\/a>\u00a0<\/span>&#8211; encontros entre Orientador e aluno<\/p>\n<p>modelo de capa do trabalho<\/p>\n<p>https:\/\/agrarias.ufpr.br\/agronomia\/wp-content\/uploads\/sites\/24\/2023\/12\/modelo-capa.png<\/p>\n<p><strong>AT\u00c9 15 DIAS AP\u00d3S A APRESENTA\u00c7\u00c3O EM BANCA, ENVIAR PARA O E-MAIL agronomia@ufpr.br:<br \/>\n<\/strong><\/p>\n<p>Arquivo pdf do TCC j\u00e1 com as corre\u00e7\u00f5es e o Termo de Aprova\u00e7\u00e3o (com as assinaturas) inserido conforme as normas;<\/p>\n<p>Arquivo pdf da Ata de Defesa com as assinaturas.<\/p>\n<p>Orienta\u00e7\u00f5es para normatiza\u00e7\u00e3o de trabalhos na UFPR: <a href=\"https:\/\/bibliotecas.ufpr.br\/servicos\/normalizacao\/\">https:\/\/bibliotecas.ufpr.br\/servicos\/normalizacao\/<\/a><\/p>\n<p>modelo de capa do trabalho:<\/p>\n<p><img decoding=\"async\" src=\"https:\/\/agrarias.ufpr.br\/agronomia\/wp-content\/uploads\/sites\/24\/2023\/12\/modelo-capa.png\" \/><\/p>\n","protected":false},"excerpt":{"rendered":"<p>AGRO002 \u2013 EST\u00c1GIO OBRIGAT\u00d3RIO SUPERVISIONADO Carga hor\u00e1ria: 240h Documento para solicitar matr\u00edcula na disciplina: Termo de Compromisso de Est\u00e1gio &#8211; Preencher apenas o Termo de Compromisso e ap\u00f3s coletadas todas as assinaturas, enviar para o e-mail da Coordena\u00e7\u00e3o do Curso (agronomia@ufpr.br), para abertura de turma e registro na Unidade de Est\u00e1gios. &#8211; A data de [&hellip;]<\/p>\n","protected":false},"author":1837,"featured_media":0,"parent":0,"menu_order":0,"comment_status":"closed","ping_status":"closed","template":"","meta":{"footnotes":""},"class_list":["post-614","page","type-page","status-publish","hentry"],"_links":{"self":[{"href":"https:\/\/agrarias.ufpr.br\/agronomia\/wp-json\/wp\/v2\/pages\/614","targetHints":{"allow":["GET"]}}],"collection":[{"href":"https:\/\/agrarias.ufpr.br\/agronomia\/wp-json\/wp\/v2\/pages"}],"about":[{"href":"https:\/\/agrarias.ufpr.br\/agronomia\/wp-json\/wp\/v2\/types\/page"}],"author":[{"embeddable":true,"href":"https:\/\/agrarias.ufpr.br\/agronomia\/wp-json\/wp\/v2\/users\/1837"}],"replies":[{"embeddable":true,"href":"https:\/\/agrarias.ufpr.br\/agronomia\/wp-json\/wp\/v2\/comments?post=614"}],"version-history":[{"count":37,"href":"https:\/\/agrarias.ufpr.br\/agronomia\/wp-json\/wp\/v2\/pages\/614\/revisions"}],"predecessor-version":[{"id":7406,"href":"https:\/\/agrarias.ufpr.br\/agronomia\/wp-json\/wp\/v2\/pages\/614\/revisions\/7406"}],"wp:attachment":[{"href":"https:\/\/agrarias.ufpr.br\/agronomia\/wp-json\/wp\/v2\/media?parent=614"}],"curies":[{"name":"wp","href":"https:\/\/api.w.org\/{rel}","templated":true}]}}