{"id":608,"date":"2016-02-15T17:38:59","date_gmt":"2016-02-15T17:38:59","guid":{"rendered":"https:\/\/agrarias.ufpr.br\/agronomia\/?page_id=608"},"modified":"2026-03-23T18:21:39","modified_gmt":"2026-03-23T18:21:39","slug":"estagio-2","status":"publish","type":"page","link":"https:\/\/agrarias.ufpr.br\/agronomia\/estagio-2\/","title":{"rendered":"Est\u00e1gio Externo"},"content":{"rendered":"<p>Documentos para Est\u00e1gio:\u00a0<a href=\"http:\/\/www.prograd.ufpr.br\/estagio\/formularios\/\">Formul\u00e1rios<\/a><\/p>\n<p>&#8211; Entregar uma via do <a href=\"http:\/\/www.prograd.ufpr.br\/estagio\/formularios\/\">Termo de Compromisso<\/a> na Coordena\u00e7\u00e3o do Curso ap\u00f3s conseguir todas as assinaturas, podendo ser enviado de forma digitalizada para o email agronomia@ufpr.br<\/p>\n<p>(caso o contrato seja emitido pela empresa, n\u00e3o h\u00e1 necessidade de preencher o termo de compromisso da UFPR).<\/p>\n<p>&#8211; A data de in\u00edcio de est\u00e1gio n\u00e3o poder\u00e1 ser retroativa, devendo o Termo de Compromisso ser entregue na coordena\u00e7\u00e3o com 10 dias de anteced\u00eancia.<\/p>\n<p>&#8211; No caso do est\u00e1gio externo, dever\u00e1 haver um supervisor respons\u00e1vel na Empresa concedente e um professor orientador da UFPR;<\/p>\n<p>&#8211; Para est\u00e1gios n\u00e3o obrigat\u00f3rios, s\u00e3o exigidos valores de remunera\u00e7\u00e3o de bolsa aux\u00edlio (n\u00e3o h\u00e1 valor m\u00ednimo estipulado) e de aux\u00edlio transporte ao aluno. Caso contr\u00e1rio o Termo de compromisso n\u00e3o poder\u00e1 ser validado.<\/p>\n<p>&#8211; Ap\u00f3s o t\u00e9rmino do est\u00e1gio, devem ser providenciados o <a href=\"http:\/\/www.prograd.ufpr.br\/estagio\/formularios\/\">Relat\u00f3rio de Est\u00e1gio e a Ficha de Avalia\u00e7\u00e3o<\/a>. Estes documentos devem ser entregues na coordena\u00e7\u00e3o para emiss\u00e3o de certificado (que pode ser utilizado para contabiliza\u00e7\u00e3o de horas formativas posteriormente)<\/p>\n<p><a href=\"https:\/\/agrarias.ufpr.br\/agronomia\/wp-content\/uploads\/sites\/24\/2019\/11\/Manual-de-Est\u00e1gios-Agronomia.pdf\">MANUAL DE EST\u00c1GIOS<\/a><\/p>\n<p><a href=\"https:\/\/agrarias.ufpr.br\/agronomia\/wp-content\/uploads\/sites\/24\/2019\/05\/Regulamento-Est\u00e1gio-Plano-Pedag\u00f3gico.pdf\">REGULAMENTO DE EST\u00c1GIO PELO PLANO PEDAG\u00d3GICO DO CURSO<\/a><\/p>\n","protected":false},"excerpt":{"rendered":"<p>Documentos para Est\u00e1gio:\u00a0Formul\u00e1rios &#8211; Entregar uma via do Termo de Compromisso na Coordena\u00e7\u00e3o do Curso ap\u00f3s conseguir todas as assinaturas, podendo ser enviado de forma digitalizada para o email agronomia@ufpr.br (caso o contrato seja emitido pela empresa, n\u00e3o h\u00e1 necessidade de preencher o termo de compromisso da UFPR). &#8211; A data de in\u00edcio de est\u00e1gio [&hellip;]<\/p>\n","protected":false},"author":1837,"featured_media":0,"parent":0,"menu_order":0,"comment_status":"closed","ping_status":"closed","template":"","meta":{"footnotes":""},"class_list":["post-608","page","type-page","status-publish","hentry"],"_links":{"self":[{"href":"https:\/\/agrarias.ufpr.br\/agronomia\/wp-json\/wp\/v2\/pages\/608","targetHints":{"allow":["GET"]}}],"collection":[{"href":"https:\/\/agrarias.ufpr.br\/agronomia\/wp-json\/wp\/v2\/pages"}],"about":[{"href":"https:\/\/agrarias.ufpr.br\/agronomia\/wp-json\/wp\/v2\/types\/page"}],"author":[{"embeddable":true,"href":"https:\/\/agrarias.ufpr.br\/agronomia\/wp-json\/wp\/v2\/users\/1837"}],"replies":[{"embeddable":true,"href":"https:\/\/agrarias.ufpr.br\/agronomia\/wp-json\/wp\/v2\/comments?post=608"}],"version-history":[{"count":20,"href":"https:\/\/agrarias.ufpr.br\/agronomia\/wp-json\/wp\/v2\/pages\/608\/revisions"}],"predecessor-version":[{"id":7125,"href":"https:\/\/agrarias.ufpr.br\/agronomia\/wp-json\/wp\/v2\/pages\/608\/revisions\/7125"}],"wp:attachment":[{"href":"https:\/\/agrarias.ufpr.br\/agronomia\/wp-json\/wp\/v2\/media?parent=608"}],"curies":[{"name":"wp","href":"https:\/\/api.w.org\/{rel}","templated":true}]}}