{"id":605,"date":"2016-02-15T17:38:16","date_gmt":"2016-02-15T17:38:16","guid":{"rendered":"https:\/\/agrarias.ufpr.br\/agronomia\/?page_id=605"},"modified":"2026-03-23T18:21:41","modified_gmt":"2026-03-23T18:21:41","slug":"voluntariado-academico","status":"publish","type":"page","link":"https:\/\/agrarias.ufpr.br\/agronomia\/voluntariado-academico\/","title":{"rendered":"Voluntariado Acad\u00eamico"},"content":{"rendered":"<p>Programa de Voluntariado Acad\u00eamico<\/p>\n<p>Visa oportunizar a participa\u00e7\u00e3o do corpo discente em atividades acad\u00eamicas de natureza educacional e cient\u00edfica, sob a orienta\u00e7\u00e3o de um professor, no \u00e2mbito da UFPR.\u00a0A participa\u00e7\u00e3o do estudante no PVA \u00e9 regulamenta pela Resolu\u00e7\u00e3o 76\/09 do CEPE e n\u00e3o gera v\u00ednculo empregat\u00edcio, obriga\u00e7\u00e3o trabalhista, previdenci\u00e1ria ou afim, conforme a legisla\u00e7\u00e3o em vigor.<\/p>\n<p>Poder\u00e3o participar do Programa de Voluntariado Acad\u00eamico os alunos regularmente matriculados em cursos de gradua\u00e7\u00e3o ou profissionalizante da UFPR. O hor\u00e1rio destinado \u00e0s atividades do programa n\u00e3o poder\u00e1, em hip\u00f3tese alguma, coincidir com a grade hor\u00e1ria das disciplinas em que o aluno estiver matriculado. A participa\u00e7\u00e3o do estudante no PVA ser\u00e1 considerada como atividade formativa complementar, desde que previsto no projeto pol\u00edtico pedag\u00f3gico do curso.<\/p>\n<p>&nbsp;<\/p>\n<h5><\/h5>\n<p><strong>Arquivos<\/strong><\/p>\n<p><a href=\"http:\/\/www.prograd.ufpr.br\/copeg\/wp-content\/uploads\/sites\/3\/2013\/08\/RESOLU%C3%87%C3%83O-76.09-CEPE.pdf\">RESOLU\u00c7\u00c3O 76.09 \u2013 CEPE<\/a><\/p>\n<p><a href=\"http:\/\/www.prograd.ufpr.br\/copeg\/wp-content\/uploads\/sites\/3\/2013\/08\/PROCEDIMENTO-PARA-INGRESSO-NO-PVA.pdf\">PROCEDIMENTO PARA INGRESSO NO PVA<\/a><\/p>\n<p>&nbsp;<\/p>\n<p><strong>Formul\u00e1rios<\/strong><\/p>\n<p><a href=\"http:\/\/www.prograd.ufpr.br\/copeg\/wp-content\/uploads\/sites\/3\/2013\/08\/FORMUL%C3%81RIOS-PVA-01-e-02-1.pdf\" rel=\"\">FORMUL\u00c1RIOS PVA 01 e 02<\/a><\/p>\n<p><a href=\"http:\/\/www.prograd.ufpr.br\/copeg\/wp-content\/uploads\/sites\/3\/2013\/08\/RELAT%C3%93RIO-FINAL-DE-PVA.pdf\" rel=\"\">RELAT\u00d3RIO FINAL DE PVA<\/a><\/p>\n<p><a href=\"http:\/\/www.prograd.ufpr.br\/copeg\/wp-content\/uploads\/sites\/3\/2013\/08\/rescis%C3%A3o.pdf\">RESCIS\u00c3O PVA<\/a><\/p>\n<p>&nbsp;<\/p>\n<p>&nbsp;<\/p>\n<p>&nbsp;<\/p>\n<p><strong>Equipe e contatos:<\/strong><\/p>\n<p><em><strong>Fabiana Massako Nakatani:<\/strong><\/em><\/p>\n<p><em>Chefe da Unidade de Atividades Formativas<\/em><\/p>\n<p><a href=\"mailto:tania.lima@ufpr.br\">fmn.ufpr@gmail.com<\/a><\/p>\n<p><em><strong>Tania Mara Tomchak Lima:<\/strong><\/em><\/p>\n<p><a href=\"mailto:tania.lima@ufpr.br\">tania.lima@ufpr.br<\/a><\/p>\n<p>+55(41) 3310-2668<\/p>\n<p>&nbsp;<\/p>\n","protected":false},"excerpt":{"rendered":"<p>Programa de Voluntariado Acad\u00eamico Visa oportunizar a participa\u00e7\u00e3o do corpo discente em atividades acad\u00eamicas de natureza educacional e cient\u00edfica, sob a orienta\u00e7\u00e3o de um professor, no \u00e2mbito da UFPR.\u00a0A participa\u00e7\u00e3o do estudante no PVA \u00e9 regulamenta pela Resolu\u00e7\u00e3o 76\/09 do CEPE e n\u00e3o gera v\u00ednculo empregat\u00edcio, obriga\u00e7\u00e3o trabalhista, previdenci\u00e1ria ou afim, conforme a legisla\u00e7\u00e3o em [&hellip;]<\/p>\n","protected":false},"author":1837,"featured_media":0,"parent":0,"menu_order":0,"comment_status":"closed","ping_status":"closed","template":"","meta":{"footnotes":""},"class_list":["post-605","page","type-page","status-publish","hentry"],"_links":{"self":[{"href":"https:\/\/agrarias.ufpr.br\/agronomia\/wp-json\/wp\/v2\/pages\/605","targetHints":{"allow":["GET"]}}],"collection":[{"href":"https:\/\/agrarias.ufpr.br\/agronomia\/wp-json\/wp\/v2\/pages"}],"about":[{"href":"https:\/\/agrarias.ufpr.br\/agronomia\/wp-json\/wp\/v2\/types\/page"}],"author":[{"embeddable":true,"href":"https:\/\/agrarias.ufpr.br\/agronomia\/wp-json\/wp\/v2\/users\/1837"}],"replies":[{"embeddable":true,"href":"https:\/\/agrarias.ufpr.br\/agronomia\/wp-json\/wp\/v2\/comments?post=605"}],"version-history":[{"count":6,"href":"https:\/\/agrarias.ufpr.br\/agronomia\/wp-json\/wp\/v2\/pages\/605\/revisions"}],"predecessor-version":[{"id":720,"href":"https:\/\/agrarias.ufpr.br\/agronomia\/wp-json\/wp\/v2\/pages\/605\/revisions\/720"}],"wp:attachment":[{"href":"https:\/\/agrarias.ufpr.br\/agronomia\/wp-json\/wp\/v2\/media?parent=605"}],"curies":[{"name":"wp","href":"https:\/\/api.w.org\/{rel}","templated":true}]}}