{"id":586,"date":"2016-02-11T14:01:19","date_gmt":"2016-02-11T14:01:19","guid":{"rendered":"https:\/\/agrarias.ufpr.br\/agronomia\/?page_id=586"},"modified":"2026-03-23T18:21:38","modified_gmt":"2026-03-23T18:21:38","slug":"curriculo-2008-2","status":"publish","type":"page","link":"https:\/\/agrarias.ufpr.br\/agronomia\/curriculo-2008-2\/","title":{"rendered":"Curr\u00edculo 2008"},"content":{"rendered":"<p>CONTE\u00daDO PROGRAM\u00c1TICO DAS DISCIPLINAS OBRIGAT\u00d3RIAS:<\/p>\n<p><a href=\"https:\/\/agrarias.ufpr.br\/agronomia\/wp-content\/uploads\/sites\/24\/2016\/02\/1\u00bacompleto.pdf\">1\u00ba PER\u00cdODO<\/a><\/p>\n<p><a href=\"https:\/\/agrarias.ufpr.br\/agronomia\/wp-content\/uploads\/sites\/24\/2016\/02\/2-periodo-completo.pdf\">2\u00ba PER\u00cdODO<\/a><\/p>\n<p><a href=\"https:\/\/agrarias.ufpr.br\/agronomia\/wp-content\/uploads\/sites\/24\/2016\/02\/3-periodo-completo.pdf\">3\u00ba PER\u00cdODO<\/a><\/p>\n<p><a href=\"https:\/\/agrarias.ufpr.br\/agronomia\/wp-content\/uploads\/sites\/24\/2016\/02\/4-periodo-completo.pdf\">4\u00ba PER\u00cdODO<\/a><\/p>\n<p><a href=\"https:\/\/agrarias.ufpr.br\/agronomia\/wp-content\/uploads\/sites\/24\/2016\/02\/5-periodo-completo.pdf\">5\u00ba PER\u00cdODO<\/a><\/p>\n<p><a href=\"https:\/\/agrarias.ufpr.br\/agronomia\/wp-content\/uploads\/sites\/24\/2016\/02\/6-periodo-completo.pdf\">6\u00ba PER\u00cdODO<\/a><\/p>\n<p><a href=\"https:\/\/agrarias.ufpr.br\/agronomia\/wp-content\/uploads\/sites\/24\/2016\/02\/7-periodo-completo.pdf\">7\u00ba PER\u00cdODO<\/a><\/p>\n<p><a href=\"https:\/\/agrarias.ufpr.br\/agronomia\/wp-content\/uploads\/sites\/24\/2016\/02\/8-periodo-completo.pdf\">8\u00ba PER\u00cdODO<\/a><\/p>\n<p><a href=\"https:\/\/agrarias.ufpr.br\/agronomia\/wp-content\/uploads\/sites\/24\/2016\/02\/9-periodo-completo.pdf\">9\u00ba PER\u00cdODO<\/a><\/p>\n<p><a href=\"https:\/\/agrarias.ufpr.br\/agronomia\/wp-content\/uploads\/sites\/24\/2016\/02\/10-periodo-completo.pdf\">10\u00ba PER\u00cdODO<\/a><\/p>\n<p><a href=\"https:\/\/agrarias.ufpr.br\/agronomia\/wp-content\/uploads\/sites\/24\/2019\/04\/AGRO001-Est\u00e1gio-Supervisionado.pdf\">AGRO001 &#8211; EST\u00c1GIO SUPERVISIONADO<\/a><\/p>\n<p><a href=\"https:\/\/agrarias.ufpr.br\/agronomia\/wp-content\/uploads\/sites\/24\/2021\/04\/Periodiza\u00e7\u00e3o-curr\u00edculo-2008.pdf\">PERIODIZA\u00c7\u00c3O DISCIPLINAS OBRIGAT\u00d3RIAS CURR\u00cdCULO 2008<\/a><\/p>\n<p><a href=\"https:\/\/agrarias.ufpr.br\/agronomia\/wp-content\/uploads\/sites\/24\/2016\/02\/DISCIPLINAS-OBRIGATORIAS-POR-DEPARTAMENTO-2008.doc\">DISCIPLINAS OBRIGAT\u00d3RIAS POR DEPARTAMENTO<\/a><\/p>\n<p><a href=\"https:\/\/agrarias.ufpr.br\/agronomia\/wp-content\/uploads\/sites\/24\/2016\/02\/DISCIPLINAS-OPTATIVAS-POR-DEPARTAMENTO-2008.doc\">DISCIPLINAS OPTATIVAS POR DEPARTAMENTO<\/a><\/p>\n<p>CONTE\u00daDO PROGRAM\u00c1TICO DAS DISCIPLINAS OPTATIVAS:<\/p>\n<ul>\n<li><a href=\"https:\/\/agrarias.ufpr.br\/agronomia\/wp-content\/uploads\/sites\/24\/2015\/10\/AE013.pdf\">AE013 &#8211; EXTENS\u00c3O RURAL APLICADA<\/a><\/li>\n<li><a href=\"https:\/\/agrarias.ufpr.br\/agronomia\/wp-content\/uploads\/sites\/24\/2015\/10\/AE027.pdf\">AE027 &#8211; PROJETOS AGR\u00cdCOLAS<\/a><\/li>\n<li><a href=\"https:\/\/agrarias.ufpr.br\/agronomia\/wp-content\/uploads\/sites\/24\/2015\/10\/AE034.pdf\">AE034 &#8211; AGRONEG\u00d3CIOS<\/a><\/li>\n<li><a href=\"https:\/\/agrarias.ufpr.br\/agronomia\/wp-content\/uploads\/sites\/24\/2015\/10\/AE043.pdf\">AE043 &#8211; MARKETING DE PRODUTOS AGROPECU\u00c1RIOS<\/a><\/li>\n<li><a href=\"https:\/\/agrarias.ufpr.br\/agronomia\/wp-content\/uploads\/sites\/24\/2019\/09\/AE071-Associativismo-e-cooperativismo-Ficha-1.pdf\">AE071 &#8211; ASSOCIATIVISMO E COOPERATIVISMO RURAL<\/a><\/li>\n<li><a href=\"https:\/\/agrarias.ufpr.br\/agronomia\/wp-content\/uploads\/sites\/24\/2019\/09\/AE085-BASIC-CONCEPTS-FICHA-1.pdf\">AE085 &#8211; BASIC CONCEPTS OF RURAL SCIENCE<\/a><\/li>\n<li><a href=\"https:\/\/agrarias.ufpr.br\/agronomia\/wp-content\/uploads\/sites\/24\/2015\/10\/AF027.pdf\">AF027 &#8211; AGRICULTURA ESPECIAL III<\/a><\/li>\n<li><a href=\"https:\/\/agrarias.ufpr.br\/agronomia\/wp-content\/uploads\/sites\/24\/2015\/10\/AF048.pdf\">AF048 &#8211; INTRODU\u00c7\u00c3O \u00c0 PESQUISA EM FITOTECNIA<\/a><\/li>\n<li><a href=\"https:\/\/agrarias.ufpr.br\/agronomia\/wp-content\/uploads\/sites\/24\/2015\/10\/AF050.pdf\">AF050 &#8211; INTRODU\u00c7\u00c3O \u00c0 PESQUISA EM FITOPATOLOGIA<\/a><\/li>\n<li><a href=\"https:\/\/agrarias.ufpr.br\/agronomia\/wp-content\/uploads\/sites\/24\/2015\/10\/AF053.pdf\">AF053 &#8211; AGRICULTURA ESPECIAL V<\/a><\/li>\n<li><a href=\"https:\/\/agrarias.ufpr.br\/agronomia\/wp-content\/uploads\/sites\/24\/2021\/07\/AF055.pdf\">AF055 &#8211; MANEJO DE PASTAGENS<\/a><\/li>\n<li><a href=\"https:\/\/agrarias.ufpr.br\/agronomia\/wp-content\/uploads\/sites\/24\/2019\/05\/AF100.pdf\">AF100 &#8211; PAISAGISMO<\/a><\/li>\n<li><a href=\"https:\/\/agrarias.ufpr.br\/agronomia\/wp-content\/uploads\/sites\/24\/2021\/05\/AF332.pdf\">AF332 &#8211; INTRODU\u00c7\u00c3O \u00c0 AGRONOMIA<\/a><\/li>\n<li><a href=\"https:\/\/agrarias.ufpr.br\/agronomia\/wp-content\/uploads\/sites\/24\/2015\/10\/AF333.pdf\">AF333 &#8211; MANEJO INTEGRADO DE PRAGAS<\/a><\/li>\n<li><a href=\"https:\/\/agrarias.ufpr.br\/agronomia\/wp-content\/uploads\/sites\/24\/2015\/10\/AF336.pdf\">AF336 &#8211; MECANISMOS FISIOL\u00d3GICOS DA PRODUTIVIDADE AGR\u00cdCOLA<\/a><\/li>\n<li><a href=\"https:\/\/agrarias.ufpr.br\/agronomia\/wp-content\/uploads\/sites\/24\/2015\/10\/AL022.pdf\">AL022 &#8211; AVIA\u00c7\u00c3O AGR\u00cdCOLA<\/a><\/li>\n<li><a href=\"https:\/\/agrarias.ufpr.br\/agronomia\/wp-content\/uploads\/sites\/24\/2015\/10\/AL026.pdf\">AL026 &#8211; ADUBOS, ADUBA\u00c7\u00d5ES E A RECICLAGEM DE NUTRIENTES<\/a><\/li>\n<li><a href=\"https:\/\/agrarias.ufpr.br\/agronomia\/wp-content\/uploads\/sites\/24\/2015\/10\/AL034.pdf\">AL034 &#8211; PROJETOS DE INSTALA\u00c7\u00d5ES, CONFORTO T\u00c9RMICO E AMBI\u00caNCIA ANIMAL<\/a><\/li>\n<li><a href=\"https:\/\/agrarias.ufpr.br\/agronomia\/wp-content\/uploads\/sites\/24\/2021\/05\/AL035.pdf\">AL035 &#8211; ESTRUTURAS PARA CULTIVO EM AMBIENTES PROTEGIDOS<\/a><\/li>\n<li><a href=\"https:\/\/agrarias.ufpr.br\/agronomia\/wp-content\/uploads\/sites\/24\/2021\/05\/AL036.pdf\">AL036 &#8211; F\u00cdSICA DO SOLO<\/a><\/li>\n<li><a href=\"https:\/\/agrarias.ufpr.br\/agronomia\/wp-content\/uploads\/sites\/24\/2015\/10\/AL037.pdf\">AL037 &#8211; HIDR\u00c1ULICA E HIDROLOGIA<\/a><\/li>\n<li><a href=\"https:\/\/agrarias.ufpr.br\/agronomia\/wp-content\/uploads\/sites\/24\/2022\/01\/AL057-ficha-1.pdf\">AL057 &#8211; FAUNA ED\u00c1FICA<\/a><\/li>\n<li><a href=\"https:\/\/agrarias.ufpr.br\/agronomia\/wp-content\/uploads\/sites\/24\/2019\/09\/AL061-AGRICULTURA-DE-PRECIS\u00c3O.pdf\">AL061 &#8211; AGRICULTURA DE PRECIS\u00c3O<\/a><\/li>\n<li><a href=\"https:\/\/agrarias.ufpr.br\/agronomia\/wp-content\/uploads\/sites\/24\/2021\/05\/AL314.pdf\">AL314 &#8211; INTRODU\u00c7\u00c3O \u00c0 PESQUISA EM SOLOS<\/a><\/li>\n<li><a href=\"https:\/\/agrarias.ufpr.br\/agronomia\/wp-content\/uploads\/sites\/24\/2015\/10\/AT045.pdf\">AT045 &#8211; SEGURAN\u00c7A DO TRABALHO AGROFLORESTAL II<\/a><\/li>\n<li><a href=\"https:\/\/agrarias.ufpr.br\/agronomia\/wp-content\/uploads\/sites\/24\/2021\/05\/AT306.pdf\">AT306 &#8211; SEGURAN\u00c7A DO TRABALHO AGROFLORESTAL<\/a><\/li>\n<li><a href=\"https:\/\/agrarias.ufpr.br\/agronomia\/wp-content\/uploads\/sites\/24\/2015\/10\/AZ011.pdf\">AZ011 &#8211; EQUINOCULTURA<\/a><\/li>\n<li><a href=\"https:\/\/agrarias.ufpr.br\/agronomia\/wp-content\/uploads\/sites\/24\/2015\/10\/AZ012.pdf\">AZ012 &#8211; CAPRINOCULTURA<\/a><\/li>\n<li><a href=\"https:\/\/agrarias.ufpr.br\/agronomia\/wp-content\/uploads\/sites\/24\/2015\/10\/AZ015.pdf\">AZ015 &#8211; MELHORAMENTO ANIMAL<\/a><\/li>\n<li><a href=\"https:\/\/agrarias.ufpr.br\/agronomia\/wp-content\/uploads\/sites\/24\/2015\/10\/AZ016.pdf\">AZ016\u00a0 -APICULTURA<\/a><\/li>\n<li><a href=\"https:\/\/agrarias.ufpr.br\/agronomia\/wp-content\/uploads\/sites\/24\/2015\/10\/AZ017.pdf\">AZ017 &#8211; AQUICULTURA<\/a><\/li>\n<li><a href=\"https:\/\/agrarias.ufpr.br\/agronomia\/wp-content\/uploads\/sites\/24\/2015\/10\/AZ018.pdf\">AZ018 &#8211; BUBALINOCULTURA<\/a><\/li>\n<li><a href=\"https:\/\/agrarias.ufpr.br\/agronomia\/wp-content\/uploads\/sites\/24\/2015\/10\/AZ019.pdf\">AZ019 &#8211; SERICICULTURA<\/a><\/li>\n<li><a href=\"https:\/\/agrarias.ufpr.br\/agronomia\/wp-content\/uploads\/sites\/24\/2015\/10\/AZ026.pdf\">AZ026 &#8211; MARICULTURA<\/a><\/li>\n<li><a href=\"https:\/\/agrarias.ufpr.br\/agronomia\/wp-content\/uploads\/sites\/24\/2021\/05\/AZ310-ficha-01.pdf\">AZ310 &#8211; OVINOCULTURA A.<\/a><\/li>\n<li><a href=\"https:\/\/agrarias.ufpr.br\/agronomia\/wp-content\/uploads\/sites\/24\/2015\/10\/BB057.pdf\">BB057 &#8211; PROPAGA\u00c7\u00c3O VEGETAL<\/a><\/li>\n<li><a href=\"https:\/\/agrarias.ufpr.br\/agronomia\/wp-content\/uploads\/sites\/24\/2019\/09\/BB085-FERRAMENTAS-MORFOFISIOL\u00d3GICAS.pdf\">BB085 &#8211; FERRAMENTAS MORFOFISIOL\u00d3GICAS DA PROPAGA\u00c7\u00c3O VEGETAL<\/a><\/li>\n<li><a href=\"https:\/\/agrarias.ufpr.br\/agronomia\/wp-content\/uploads\/sites\/24\/2015\/10\/BG010.pdf\">BG010 &#8211; GEN\u00c9TICA QUANTITATIVA<\/a><\/li>\n<li><a href=\"https:\/\/agrarias.ufpr.br\/agronomia\/wp-content\/uploads\/sites\/24\/2019\/05\/BP059.pdf\">BP059 &#8211; INTRODU\u00c7\u00c3O \u00c0 PESQUISA EM ENTOMOLOGIA AGR\u00cdCOLA<\/a><\/li>\n<li><a href=\"https:\/\/agrarias.ufpr.br\/agronomia\/wp-content\/uploads\/sites\/24\/2021\/05\/BZ052.pdf\">BZ052 &#8211; CONTROLE BIOL\u00d3GICO<\/a><\/li>\n<\/ul>\n","protected":false},"excerpt":{"rendered":"<p>CONTE\u00daDO PROGRAM\u00c1TICO DAS DISCIPLINAS OBRIGAT\u00d3RIAS: 1\u00ba PER\u00cdODO 2\u00ba PER\u00cdODO 3\u00ba PER\u00cdODO 4\u00ba PER\u00cdODO 5\u00ba PER\u00cdODO 6\u00ba PER\u00cdODO 7\u00ba PER\u00cdODO 8\u00ba PER\u00cdODO 9\u00ba PER\u00cdODO 10\u00ba PER\u00cdODO AGRO001 &#8211; EST\u00c1GIO SUPERVISIONADO PERIODIZA\u00c7\u00c3O DISCIPLINAS OBRIGAT\u00d3RIAS CURR\u00cdCULO 2008 DISCIPLINAS OBRIGAT\u00d3RIAS POR DEPARTAMENTO DISCIPLINAS OPTATIVAS POR DEPARTAMENTO CONTE\u00daDO PROGRAM\u00c1TICO DAS DISCIPLINAS OPTATIVAS: AE013 &#8211; EXTENS\u00c3O RURAL APLICADA AE027 &#8211; PROJETOS [&hellip;]<\/p>\n","protected":false},"author":1837,"featured_media":0,"parent":0,"menu_order":0,"comment_status":"closed","ping_status":"closed","template":"","meta":{"footnotes":""},"class_list":["post-586","page","type-page","status-publish","hentry"],"_links":{"self":[{"href":"https:\/\/agrarias.ufpr.br\/agronomia\/wp-json\/wp\/v2\/pages\/586","targetHints":{"allow":["GET"]}}],"collection":[{"href":"https:\/\/agrarias.ufpr.br\/agronomia\/wp-json\/wp\/v2\/pages"}],"about":[{"href":"https:\/\/agrarias.ufpr.br\/agronomia\/wp-json\/wp\/v2\/types\/page"}],"author":[{"embeddable":true,"href":"https:\/\/agrarias.ufpr.br\/agronomia\/wp-json\/wp\/v2\/users\/1837"}],"replies":[{"embeddable":true,"href":"https:\/\/agrarias.ufpr.br\/agronomia\/wp-json\/wp\/v2\/comments?post=586"}],"version-history":[{"count":32,"href":"https:\/\/agrarias.ufpr.br\/agronomia\/wp-json\/wp\/v2\/pages\/586\/revisions"}],"predecessor-version":[{"id":6837,"href":"https:\/\/agrarias.ufpr.br\/agronomia\/wp-json\/wp\/v2\/pages\/586\/revisions\/6837"}],"wp:attachment":[{"href":"https:\/\/agrarias.ufpr.br\/agronomia\/wp-json\/wp\/v2\/media?parent=586"}],"curies":[{"name":"wp","href":"https:\/\/api.w.org\/{rel}","templated":true}]}}