{"id":210,"date":"2015-10-13T19:32:13","date_gmt":"2015-10-13T19:32:13","guid":{"rendered":"https:\/\/agrarias.ufpr.br\/agronomia\/?page_id=210"},"modified":"2026-03-23T18:21:38","modified_gmt":"2026-03-23T18:21:38","slug":"curriculo-2024","status":"publish","type":"page","link":"https:\/\/agrarias.ufpr.br\/agronomia\/curriculo-2024\/","title":{"rendered":"Curr\u00edculo vers\u00e3o 2024 do curso de Agronomia"},"content":{"rendered":"<p>A partir do 1\u00ba semestre de 2024 entra em vig\u00eancia o novo curr\u00edculo do curso de 2024, do qual far\u00e3o parte os alunos ingressantes a partir deste ano. O curr\u00edculo possui as seguintes exig\u00eancias de carga hor\u00e1ria:<\/p>\n<p>disciplinas obrigat\u00f3rias: 3990h \/ disciplinas optativas: 240h \/ atividades formativas: 270h \/ Total:4500h<\/p>\n<p>Al\u00e9m disso, os alunos ter\u00e3o de cumprir pelo menos 450h em atividades de extens\u00e3o at\u00e9 o fim do curso.<\/p>\n<p><a href=\"https:\/\/agrarias.ufpr.br\/agronomia\/wp-content\/uploads\/sites\/24\/2024\/02\/Matriz-curricular.pdf\">Matriz curricular 2024<\/a><\/p>\n<p><a href=\"https:\/\/agrarias.ufpr.br\/agronomia\/wp-content\/uploads\/sites\/24\/2024\/02\/SEI_UFPR-6290213-Portaria.pdf\">Portaria de aprova\u00e7\u00e3o do curr\u00edculo\u00a0<\/a><\/p>\n<p><a href=\"https:\/\/agrarias.ufpr.br\/agronomia\/wp-content\/uploads\/sites\/24\/2024\/02\/PPC.pdf\">Projeto Pedag\u00f3gico do Curso &#8211; PPC<\/a><\/p>\n<p><a href=\"https:\/\/agrarias.ufpr.br\/agronomia\/wp-content\/uploads\/sites\/24\/2024\/04\/ementas-siga-2024-23-04.pdf\">Ementas de disciplinas<\/a><\/p>\n<div class=\"art-article\"><\/div>\n","protected":false},"excerpt":{"rendered":"<p>A partir do 1\u00ba semestre de 2024 entra em vig\u00eancia o novo curr\u00edculo do curso de 2024, do qual far\u00e3o parte os alunos ingressantes a partir deste ano. O curr\u00edculo possui as seguintes exig\u00eancias de carga hor\u00e1ria: disciplinas obrigat\u00f3rias: 3990h \/ disciplinas optativas: 240h \/ atividades formativas: 270h \/ Total:4500h Al\u00e9m disso, os alunos ter\u00e3o [&hellip;]<\/p>\n","protected":false},"author":1,"featured_media":0,"parent":0,"menu_order":0,"comment_status":"closed","ping_status":"open","template":"","meta":{"footnotes":""},"class_list":["post-210","page","type-page","status-publish","hentry"],"_links":{"self":[{"href":"https:\/\/agrarias.ufpr.br\/agronomia\/wp-json\/wp\/v2\/pages\/210","targetHints":{"allow":["GET"]}}],"collection":[{"href":"https:\/\/agrarias.ufpr.br\/agronomia\/wp-json\/wp\/v2\/pages"}],"about":[{"href":"https:\/\/agrarias.ufpr.br\/agronomia\/wp-json\/wp\/v2\/types\/page"}],"author":[{"embeddable":true,"href":"https:\/\/agrarias.ufpr.br\/agronomia\/wp-json\/wp\/v2\/users\/1"}],"replies":[{"embeddable":true,"href":"https:\/\/agrarias.ufpr.br\/agronomia\/wp-json\/wp\/v2\/comments?post=210"}],"version-history":[{"count":9,"href":"https:\/\/agrarias.ufpr.br\/agronomia\/wp-json\/wp\/v2\/pages\/210\/revisions"}],"predecessor-version":[{"id":7277,"href":"https:\/\/agrarias.ufpr.br\/agronomia\/wp-json\/wp\/v2\/pages\/210\/revisions\/7277"}],"wp:attachment":[{"href":"https:\/\/agrarias.ufpr.br\/agronomia\/wp-json\/wp\/v2\/media?parent=210"}],"curies":[{"name":"wp","href":"https:\/\/api.w.org\/{rel}","templated":true}]}}