{"id":21,"date":"2015-10-02T13:46:33","date_gmt":"2015-10-02T13:46:33","guid":{"rendered":"http:\/\/localhost\/agronomia\/?page_id=21"},"modified":"2026-03-23T18:21:38","modified_gmt":"2026-03-23T18:21:38","slug":"curriculo-2015","status":"publish","type":"page","link":"https:\/\/agrarias.ufpr.br\/agronomia\/curriculo-2015\/","title":{"rendered":"Curr\u00edculo 2015"},"content":{"rendered":"<p>PLANO DE ENSINO &#8211; DISCIPLINAS OBRIGAT\u00d3RIAS<\/p>\n<p><a href=\"https:\/\/agrarias.ufpr.br\/agronomia\/wp-content\/uploads\/sites\/24\/2020\/02\/Ementas-primeiro-per\u00edodo.pdf\">1\u00ba PER\u00cdODO<\/a><\/p>\n<p><a href=\"https:\/\/agrarias.ufpr.br\/agronomia\/wp-content\/uploads\/sites\/24\/2015\/10\/2\u00ba-PERIODO-PLANO-DE-ENSINO.pdf\">2\u00ba PER\u00cdODO<\/a><\/p>\n<p><a href=\"https:\/\/agrarias.ufpr.br\/agronomia\/wp-content\/uploads\/sites\/24\/2019\/08\/3\u00ba-per\u00edodo-atualizado.pdf\">3\u00ba PER\u00cdODO<\/a><\/p>\n<p><a href=\"https:\/\/agrarias.ufpr.br\/agronomia\/wp-content\/uploads\/sites\/24\/2015\/10\/4\u00ba-PERIODO-PLANO-DE-ENSINO.pdf\">4\u00ba PER\u00cdODO<\/a><\/p>\n<p><a href=\"https:\/\/agrarias.ufpr.br\/agronomia\/wp-content\/uploads\/sites\/24\/2015\/10\/5\u00ba-PER\u00cdODO-PLANO-DE-ENSINO.pdf\">5\u00ba PER\u00cdODO<\/a><\/p>\n<p><a href=\"https:\/\/agrarias.ufpr.br\/agronomia\/wp-content\/uploads\/sites\/24\/2015\/10\/6\u00ba-PER\u00cdODO-PLANO-DE-ENSINO.pdf\">6\u00ba PER\u00cdODO<\/a><\/p>\n<p><a href=\"https:\/\/agrarias.ufpr.br\/agronomia\/wp-content\/uploads\/sites\/24\/2015\/10\/7\u00ba-PER\u00cdODO-PLANO-DE-ENSINO.pdf\">7\u00ba PER\u00cdODO<\/a><\/p>\n<p><a href=\"https:\/\/agrarias.ufpr.br\/agronomia\/wp-content\/uploads\/sites\/24\/2015\/10\/8\u00ba-PER\u00cdODO-PLANO-DE-ENSINO.pdf\">8\u00ba PER\u00cdODO<\/a><\/p>\n<p><a href=\"https:\/\/agrarias.ufpr.br\/agronomia\/wp-content\/uploads\/sites\/24\/2015\/10\/9\u00ba-PER\u00cdODO-PLANO-DE-ENSINO.pdf\">9\u00ba PER\u00cdODO<\/a><\/p>\n<p><a href=\"https:\/\/agrarias.ufpr.br\/agronomia\/wp-content\/uploads\/sites\/24\/2015\/10\/10\u00ba-PER\u00cdODO-PLANO-DE-ENSINO.pdf\">10\u00ba PER\u00cdODO<\/a><\/p>\n<p><a href=\"https:\/\/agrarias.ufpr.br\/agronomia\/wp-content\/uploads\/sites\/24\/2024\/04\/ementas-2015-Siga-23-04.pdf\">EMENTAS DE DISCIPLINAS &#8211; VERS\u00c3O SIGA<\/a><\/p>\n<p><a href=\"https:\/\/agrarias.ufpr.br\/agronomia\/wp-content\/uploads\/sites\/24\/2022\/07\/periodizacao-versao-postar.pdf\">PERIODIZA\u00c7\u00c3O DISCIPLINAS OBRIGAT\u00d3RIAS CURR\u00cdCULO 2015<\/a><\/p>\n<p><a href=\"https:\/\/agrarias.ufpr.br\/agronomia\/wp-content\/uploads\/sites\/24\/2022\/04\/Matriz-curricular-1.pdf\">MATRIZ CURRICULAR &#8211; VERS\u00c3O SIGA<\/a><\/p>\n<p><a href=\"https:\/\/agrarias.ufpr.br\/agronomia\/wp-content\/uploads\/sites\/24\/2022\/03\/optativas-2015-SIGA.pdf\">DISCIPLINAS OPTATIVAS POR DEPARTAMENTO<\/a><\/p>\n<p><a href=\"https:\/\/agrarias.ufpr.br\/agronomia\/wp-content\/uploads\/sites\/24\/2015\/10\/PPC-AGRONOMIA.pdf\">PROJETO PEDAG\u00d3GICO DO CURSO<\/a><\/p>\n<p><strong>PLANO DE ENSINO &#8211; DISCIPLINAS OPTATIVAS:<\/strong><\/p>\n<p>Departamento de Economia Rural e Extens\u00e3o &#8211; DERE:<\/p>\n<p><a href=\"https:\/\/agrarias.ufpr.br\/agronomia\/wp-content\/uploads\/sites\/24\/2019\/07\/AE079-Agroneg\u00f3cios.pdf\">AE079 &#8211; AGRONEG\u00d3CIOS<\/a><\/p>\n<p><a href=\"https:\/\/agrarias.ufpr.br\/agronomia\/wp-content\/uploads\/sites\/24\/2021\/05\/AE080.pdf\">AE080 &#8211; PROJETOS AGR\u00cdCOLAS<\/a><\/p>\n<p><a href=\"https:\/\/agrarias.ufpr.br\/agronomia\/wp-content\/uploads\/sites\/24\/2019\/07\/AE081-Extens\u00e3o-Rural-Aplicada.pdf\">AE081 &#8211; EXTENS\u00c3O RURAL APLICADA<\/a><\/p>\n<p><a href=\"https:\/\/agrarias.ufpr.br\/agronomia\/wp-content\/uploads\/sites\/24\/2021\/05\/AE082.pdf\">AE082 &#8211; ASSOCIATIVISMO E COOPERATIVISMO RURAL<\/a><\/p>\n<p><a href=\"https:\/\/agrarias.ufpr.br\/agronomia\/wp-content\/uploads\/sites\/24\/2023\/03\/AE084.pdf\">AE084 &#8211; INTRODU\u00c7\u00c3O AO ESTUDO DE CADEIAS PRODUTIVAS AGROPECU\u00c1RIAS E FLORESTAIS<\/a><\/p>\n<p><a href=\"https:\/\/agrarias.ufpr.br\/agronomia\/wp-content\/uploads\/sites\/24\/2019\/09\/AE085-BASIC-CONCEPTS-FICHA-1.pdf\">AE085 &#8211; BASIC CONCEPTS OF RURAL SCIENCE<\/a><\/p>\n<p><a href=\"https:\/\/agrarias.ufpr.br\/agronomia\/wp-content\/uploads\/sites\/24\/2021\/05\/AE089.pdf\">AE089 &#8211; CR\u00c9DITO E GEST\u00c3O DE RISCO RURAL<\/a><\/p>\n<p>Departamento de Fitotecnia e Fitossanidade &#8211; DFF:<\/p>\n<p><a href=\"https:\/\/agrarias.ufpr.br\/agronomia\/wp-content\/uploads\/sites\/24\/2019\/07\/AF048.pdf\">AF048 &#8211; INTRODU\u00c7\u00c3O \u00c0 PESQUISA EM FITOTECNIA<\/a><\/p>\n<p><a href=\"https:\/\/agrarias.ufpr.br\/agronomia\/wp-content\/uploads\/sites\/24\/2023\/12\/AF061.pdf\">AF061 &#8211; NEMATOLOGIA AGR\u00cdCOLA<\/a><\/p>\n<p><a href=\"https:\/\/agrarias.ufpr.br\/agronomia\/wp-content\/uploads\/sites\/24\/2023\/12\/AF081.pdf\">AF081 &#8211; MECANISMOS FISIOL\u00d3GICOS DA PRODU\u00c7\u00c3O AGR\u00cdCOLA<\/a><\/p>\n<p><a href=\"https:\/\/agrarias.ufpr.br\/agronomia\/wp-content\/uploads\/sites\/24\/2019\/08\/Gest\u00e3o-Ambiental-Aplicada-AF082.pdf\">AF082 &#8211; GEST\u00c3O AMBIENTAL APLICADA<\/a><\/p>\n<p><a href=\"https:\/\/agrarias.ufpr.br\/agronomia\/wp-content\/uploads\/sites\/24\/2021\/05\/AF083.pdf\">AF083 &#8211; PAGAMENTOS POR SERVI\u00c7OS AMBIENTAIS<\/a><\/p>\n<p><a href=\"https:\/\/agrarias.ufpr.br\/agronomia\/wp-content\/uploads\/sites\/24\/2019\/08\/AF084-MANEJO.pdf\">AF084 &#8211; MANEJO DE PASTAGENS<\/a><\/p>\n<p><a href=\"https:\/\/agrarias.ufpr.br\/agronomia\/wp-content\/uploads\/sites\/24\/2019\/07\/Ficha-1-Plantas-Medicinais-Arom\u00e1ticas-e-Condimentares.pdf\">AF085 &#8211; PLANTAS MEDICINAIS, AROM\u00c1TICAS E CONDIMENTARES<\/a><\/p>\n<p><a href=\"https:\/\/agrarias.ufpr.br\/agronomia\/wp-content\/uploads\/sites\/24\/2023\/07\/AF086.pdf\">AF086 &#8211; MANEJO DA PRODU\u00c7\u00c3O AGR\u00cdCOLA<\/a><\/p>\n<p><a href=\"https:\/\/agrarias.ufpr.br\/agronomia\/wp-content\/uploads\/sites\/24\/2021\/05\/AF087.pdf\">AF087 &#8211; FRUTICULTURA TEMPERADA<\/a><\/p>\n<p><a href=\"https:\/\/agrarias.ufpr.br\/agronomia\/wp-content\/uploads\/sites\/24\/2021\/05\/AF088.pdf\">AF088 &#8211; FRUTICULTURA SUBTROPICAL E TROPICAL<\/a><\/p>\n<p><a href=\"https:\/\/agrarias.ufpr.br\/agronomia\/wp-content\/uploads\/sites\/24\/2021\/05\/AF089.pdf\">AF089 &#8211; FLORICULTURA<\/a><\/p>\n<p><a href=\"https:\/\/agrarias.ufpr.br\/agronomia\/wp-content\/uploads\/sites\/24\/2021\/05\/AF090.pdf\">AF090 &#8211; OLERICULTURA<\/a><\/p>\n<p><a href=\"https:\/\/agrarias.ufpr.br\/agronomia\/wp-content\/uploads\/sites\/24\/2021\/05\/AF091.pdf\">AF091 &#8211; PAISAGISMO<\/a><\/p>\n<p><a href=\"https:\/\/agrarias.ufpr.br\/agronomia\/wp-content\/uploads\/sites\/24\/2019\/07\/AF092-P\u00f3s-colheita-aplicada-\u00e0-Horticultura-Ementa-ficha-1.pdf\">AF092 &#8211; P\u00d3S-COLHEITA APLICADA \u00c0 HORTICULTURA<\/a><\/p>\n<p><a href=\"https:\/\/agrarias.ufpr.br\/agronomia\/wp-content\/uploads\/sites\/24\/2022\/06\/AF094-ficha02.pdf\">AF094 &#8211; INTERA\u00c7\u00d5ES ENTRE FISIOLOGIA VEGETAL E NUTRI\u00c7\u00c3O<\/a><\/p>\n<p><a href=\"https:\/\/agrarias.ufpr.br\/agronomia\/wp-content\/uploads\/sites\/24\/2019\/07\/AF096-PISA.pdf\">AF096 &#8211; PRODU\u00c7\u00c3O INTEGRADA DE SISTEMAS AGROPECU\u00c1RIOS<\/a><\/p>\n<p><a href=\"https:\/\/agrarias.ufpr.br\/agronomia\/wp-content\/uploads\/sites\/24\/2019\/04\/AF097-Manejo-de-Plantas-Potenciais.pdf\">AF097 &#8211; MANEJO DE PLANTAS POTENCIAIS<\/a><\/p>\n<p><a href=\"https:\/\/agrarias.ufpr.br\/agronomia\/wp-content\/uploads\/sites\/24\/2021\/05\/af098-FICHA01.pdf\">AF098 &#8211; AGROECOLOGIA<\/a><\/p>\n<p><a href=\"https:\/\/agrarias.ufpr.br\/agronomia\/wp-content\/uploads\/sites\/24\/2019\/05\/Ficha_1_Metodologia_Cientifica_AF101.pdf\">AF101 &#8211; METODOLOGIA CIENT\u00cdFICA EM FITOSSANIDADE<\/a><\/p>\n<p><a href=\"https:\/\/agrarias.ufpr.br\/agronomia\/wp-content\/uploads\/sites\/24\/2019\/10\/AF102-Agroecologia-2.pdf\">AF102 &#8211; AGROECOLOGIA II<\/a><\/p>\n<p><a href=\"https:\/\/agrarias.ufpr.br\/agronomia\/wp-content\/uploads\/sites\/24\/2024\/03\/AF109E.pdf\">AF109E &#8211; PRODU\u00c7\u00c3O COMERCIAL DE COGUMELOS COMEST\u00cdVEIS<\/a><\/p>\n<p>Departamento de Solos e Engenharia Agr\u00edcola &#8211; DSEA:<\/p>\n<p><a href=\"https:\/\/agrarias.ufpr.br\/agronomia\/wp-content\/uploads\/sites\/24\/2021\/05\/AL010-MINHOCULTURA.pdf\">AL010 &#8211; MINHOCULTURA<\/a><\/p>\n<p><a href=\"https:\/\/agrarias.ufpr.br\/agronomia\/wp-content\/uploads\/sites\/24\/2023\/12\/AL052-ficha-2.pdf\">AL052 &#8211; ADUBOS, ADUBA\u00c7\u00c3O E RECICLAGEM DE NUTRIENTES<\/a><\/p>\n<p><a href=\"https:\/\/agrarias.ufpr.br\/agronomia\/wp-content\/uploads\/sites\/24\/2019\/09\/AL054-INTRODU\u00c7\u00c3O-\u00c0-PESQUISA-EM-ENGENHARIA-AGR\u00cdCOLA-E-BIOSSISTEMAS.pdf\">AL054 &#8211; INTRODU\u00c7\u00c3O \u00c0 PESQUISA EM ENGENHARIA AGR\u00cdCOLA E BIOSSISTEMAS<\/a><\/p>\n<p><a href=\"https:\/\/agrarias.ufpr.br\/agronomia\/wp-content\/uploads\/sites\/24\/2022\/01\/AL057-ficha-1.pdf\">AL057 &#8211; FAUNA ED\u00c1FICA<\/a><\/p>\n<p><a href=\"https:\/\/agrarias.ufpr.br\/agronomia\/wp-content\/uploads\/sites\/24\/2019\/07\/AL058-Polui\u00e7\u00e3o-do-Solo.pdf\">AL058 &#8211; POLUI\u00c7\u00c3O DO SOLO<\/a><\/p>\n<p><a href=\"https:\/\/agrarias.ufpr.br\/agronomia\/wp-content\/uploads\/sites\/24\/2019\/07\/Mudan\u00e7as-Clim\u00e1ticas-e-Impactos-na-Agropecu\u00e1ria-Ficha-1.pdf\">AL059 &#8211; MUDAN\u00c7AS CLIM\u00c1TICAS E IMPACTOS NA AGROPECU\u00c1RIA<\/a><\/p>\n<p><a href=\"https:\/\/agrarias.ufpr.br\/agronomia\/wp-content\/uploads\/sites\/24\/2019\/09\/AL061-AGRICULTURA-DE-PRECIS\u00c3O.pdf\">AL061 &#8211; AGRICULTURA DE PRECIS\u00c3O<\/a><\/p>\n<p><a href=\"https:\/\/agrarias.ufpr.br\/agronomia\/wp-content\/uploads\/sites\/24\/2021\/05\/AL062-1.pdf\">AL062 &#8211; GERENCIAMENTO AMBIENTAL AVAN\u00c7ADO<\/a><\/p>\n<p><a href=\"https:\/\/agrarias.ufpr.br\/agronomia\/wp-content\/uploads\/sites\/24\/2021\/05\/AL063.pdf\">AL063 &#8211; APLICA\u00c7\u00d5ES DE FERRAMENTAS DE GEOPROCESSAMENTO EM SOLOS<\/a><\/p>\n<p><a href=\"https:\/\/agrarias.ufpr.br\/agronomia\/wp-content\/uploads\/sites\/24\/2019\/09\/AL065-INTRODUCAO-AO-GERENCIAMENTO-AMBIENTAL-AGRICOLA.pdf\">AL065 &#8211; INTRODU\u00c7\u00c3O AO GERENCIAMENTO AMBIENTAL AGR\u00cdCOLA<\/a><\/p>\n<p><a href=\"https:\/\/agrarias.ufpr.br\/agronomia\/wp-content\/uploads\/sites\/24\/2023\/01\/AL067-ficha-2.pdf\">AL067 &#8211; INTRODU\u00c7\u00c3O \u00c0 PESQUISA EM SOLOS C (EAD)<\/a><\/p>\n<p><a href=\"https:\/\/agrarias.ufpr.br\/agronomia\/wp-content\/uploads\/sites\/24\/2023\/03\/AL068-FICHA1_Pedometria_Florestal.pdf\">AL068 &#8211; PEDOMETRIA APLICADA \u00c0 AVALIA\u00c7\u00c3O DE TERRAS<\/a><\/p>\n<p><a href=\"https:\/\/agrarias.ufpr.br\/agronomia\/wp-content\/uploads\/sites\/24\/2019\/03\/AL154.pdf\">AL154 &#8211; INTRODU\u00c7\u00c3O \u00c0 PESQUISA EM SOLOS<\/a><\/p>\n<p>Departamento de Zootecnia &#8211; DZ:<\/p>\n<p><a href=\"https:\/\/agrarias.ufpr.br\/agronomia\/wp-content\/uploads\/sites\/24\/2021\/05\/AZ075-ficha01.pdf\">AZ075 &#8211; APICULTURA<\/a><\/p>\n<p><a href=\"https:\/\/agrarias.ufpr.br\/agronomia\/wp-content\/uploads\/sites\/24\/2019\/07\/AZ076-Ovinocultura.pdf\">AZ076 &#8211; OVINOCULTURA<\/a><\/p>\n<p><a href=\"https:\/\/agrarias.ufpr.br\/agronomia\/wp-content\/uploads\/sites\/24\/2019\/07\/AZ077-CAPRINOCULTURA.pdf\">AZ077 &#8211; CAPRINOCULTURA<\/a><\/p>\n<p><a href=\"https:\/\/agrarias.ufpr.br\/agronomia\/wp-content\/uploads\/sites\/24\/2021\/05\/AZ078.pdf\">AZ078 &#8211; EQUIDEOCULTURA<\/a><\/p>\n<p><a href=\"https:\/\/agrarias.ufpr.br\/agronomia\/wp-content\/uploads\/sites\/24\/2021\/05\/AZ079-ficha01.pdf\">AZ079 &#8211; SUINOCULTURA<\/a><\/p>\n<p><a href=\"https:\/\/agrarias.ufpr.br\/agronomia\/wp-content\/uploads\/sites\/24\/2021\/05\/AZ080-ficha01.pdf\">AZ080 &#8211; POLINIZA\u00c7\u00c3O E FLORA AP\u00cdCULA<\/a><\/p>\n<p><a href=\"https:\/\/agrarias.ufpr.br\/agronomia\/wp-content\/uploads\/sites\/24\/2021\/05\/AZ081.pdf\">AZ081 &#8211; BOVINOCULTURA DE CORTE<\/a><\/p>\n<p>Departamento de Bot\u00e2nica &#8211; DBOT:<\/p>\n<p><a href=\"https:\/\/agrarias.ufpr.br\/agronomia\/wp-content\/uploads\/sites\/24\/2019\/09\/BB085-FERRAMENTAS-MORFOFISIOL\u00d3GICAS.pdf\">BB085 &#8211; FERRAMENTAS MORFOFISIOL\u00d3GICAS DA PROPAGA\u00c7\u00c3O VEGETAL<\/a><\/p>\n<p><a href=\"https:\/\/agrarias.ufpr.br\/agronomia\/wp-content\/uploads\/sites\/24\/2019\/07\/BB087-ECOLOGIA-VEGETAL.pdf\">BB087 &#8211; ECOLOGIA VEGETAL<\/a><\/p>\n<p><a href=\"https:\/\/agrarias.ufpr.br\/agronomia\/wp-content\/uploads\/sites\/24\/2019\/09\/BB095-ECOLOGIA-B\u00c1SICA-E-APLICADA-FICHA-1.pdf\">BB095\u00a0 -ECOLOGIA B\u00c1SICA E APLICADA<\/a><\/p>\n<p><a href=\"https:\/\/agrarias.ufpr.br\/agronomia\/wp-content\/uploads\/sites\/24\/2019\/09\/BB097-Origem-e-domestica\u00e7\u00e3o-de-plantas-cultivadas.pdf\">BB097 &#8211; ORIGEM E DOMESTICA\u00c7\u00c3O DE PLANTAS CULTIVADAS<\/a><\/p>\n<p>Departamento de Patologia B\u00e1sica &#8211; DPAT:<\/p>\n<p><a href=\"https:\/\/agrarias.ufpr.br\/agronomia\/wp-content\/uploads\/sites\/24\/2021\/05\/BP064.pdf\">BP064 &#8211; INTRODU\u00c7\u00c3O \u00c0 PESQUISA EM ENTOMOLOGIA AGR\u00cdCOLA<\/a><\/p>\n<p>Departamento de Zoologia &#8211; DZOO:<\/p>\n<p><a href=\"https:\/\/agrarias.ufpr.br\/agronomia\/wp-content\/uploads\/sites\/24\/2019\/09\/BZ052-Controle-Biol\u00f3gico.pdf\">BZ052 &#8211; CONTROLE BIOL\u00d3GICO<\/a><\/p>\n<p><a href=\"https:\/\/agrarias.ufpr.br\/agronomia\/wp-content\/uploads\/sites\/24\/2019\/09\/BZ074-INTERA\u00c7\u00d5ES-INSETOS-PLANTA.pdf\">BZ074 &#8211; INTERA\u00c7\u00d5ES INSETO-PLANTA APLICADAS<\/a><\/p>\n<p>Departamento de Geom\u00e1tica &#8211; DGEOM:<\/p>\n<p><a href=\"https:\/\/agrarias.ufpr.br\/agronomia\/wp-content\/uploads\/sites\/24\/2024\/03\/GA180-FICHA-01.pdf\">GA180 &#8211; NO\u00c7\u00d5ES DE FOTOGRAMETRIA COM DRONE PARA ENGENHARIA E \u00c1REAS AFINS<\/a><\/p>\n","protected":false},"excerpt":{"rendered":"<p>PLANO DE ENSINO &#8211; DISCIPLINAS OBRIGAT\u00d3RIAS 1\u00ba PER\u00cdODO 2\u00ba PER\u00cdODO 3\u00ba PER\u00cdODO 4\u00ba PER\u00cdODO 5\u00ba PER\u00cdODO 6\u00ba PER\u00cdODO 7\u00ba PER\u00cdODO 8\u00ba PER\u00cdODO 9\u00ba PER\u00cdODO 10\u00ba PER\u00cdODO EMENTAS DE DISCIPLINAS &#8211; VERS\u00c3O SIGA PERIODIZA\u00c7\u00c3O DISCIPLINAS OBRIGAT\u00d3RIAS CURR\u00cdCULO 2015 MATRIZ CURRICULAR &#8211; VERS\u00c3O SIGA DISCIPLINAS OPTATIVAS POR DEPARTAMENTO PROJETO PEDAG\u00d3GICO DO CURSO PLANO DE ENSINO &#8211; DISCIPLINAS [&hellip;]<\/p>\n","protected":false},"author":1008,"featured_media":0,"parent":0,"menu_order":0,"comment_status":"closed","ping_status":"open","template":"","meta":{"footnotes":""},"class_list":["post-21","page","type-page","status-publish","hentry"],"_links":{"self":[{"href":"https:\/\/agrarias.ufpr.br\/agronomia\/wp-json\/wp\/v2\/pages\/21","targetHints":{"allow":["GET"]}}],"collection":[{"href":"https:\/\/agrarias.ufpr.br\/agronomia\/wp-json\/wp\/v2\/pages"}],"about":[{"href":"https:\/\/agrarias.ufpr.br\/agronomia\/wp-json\/wp\/v2\/types\/page"}],"author":[{"embeddable":true,"href":"https:\/\/agrarias.ufpr.br\/agronomia\/wp-json\/wp\/v2\/users\/1008"}],"replies":[{"embeddable":true,"href":"https:\/\/agrarias.ufpr.br\/agronomia\/wp-json\/wp\/v2\/comments?post=21"}],"version-history":[{"count":88,"href":"https:\/\/agrarias.ufpr.br\/agronomia\/wp-json\/wp\/v2\/pages\/21\/revisions"}],"predecessor-version":[{"id":7278,"href":"https:\/\/agrarias.ufpr.br\/agronomia\/wp-json\/wp\/v2\/pages\/21\/revisions\/7278"}],"wp:attachment":[{"href":"https:\/\/agrarias.ufpr.br\/agronomia\/wp-json\/wp\/v2\/media?parent=21"}],"curies":[{"name":"wp","href":"https:\/\/api.w.org\/{rel}","templated":true}]}}